{"id":7419,"date":"2024-10-15T06:15:26","date_gmt":"2024-10-15T04:15:26","guid":{"rendered":"https:\/\/mom-design.com\/?post_type=product&#038;p=7419"},"modified":"2025-10-25T20:41:49","modified_gmt":"2025-10-25T18:41:49","slug":"plinthe-murale-blanche-2","status":"publish","type":"product","link":"https:\/\/mom-design.com\/it\/produit\/plinthe-murale-blanche-2\/","title":{"rendered":"Zoccolo in pvc bianco 2 metri Luigi VIII"},"content":{"rendered":"<p><span style=\"text-decoration: underline;\"><strong>Caratteristiche :<\/strong><\/span><\/p>\n<p>\u2705 <span style=\"text-decoration: underline;\"><strong>Colore:<\/strong><\/span> bianca<br \/>\n\u2705 <span style=\"text-decoration: underline;\"><strong>Lunghezza :<\/strong><\/span> 2 metri<br \/>\n\u2705 <span style=\"text-decoration: underline;\"><strong>Materiale<\/strong> <\/span>: PVC<\/p>\n<p><span style=\"text-decoration: underline;\"><strong>Una finitura elegante per i tuoi interni<\/strong><\/span><\/p>\n<p>Il battiscopa in PVC bianco Luigi VIII \u00e8 la soluzione perfetta per abbellire le pareti e aggiungere un tocco di raffinatezza al tuo arredamento. Con i suoi 2 metri di lunghezza, crea una transizione senza soluzione di continuit\u00e0 tra parete e pavimento, nascondendo cavi o piccole imperfezioni. Il suo design sobrio e moderno si integra facilmente in qualsiasi stile di arredamento.<\/p>\n<p><span style=\"text-decoration: underline;\"><strong>Facile da installare e personalizzabile<\/strong><\/span><\/p>\n<p>Progettato per semplificare il tuo lavoro, il battiscopa Luigi VIII \u00e8 facile e veloce da installare. La sua superficie liscia pu\u00f2 essere verniciata per abbinarsi perfettamente al colore delle pareti o del pavimento. Che tu scelga una tonalit\u00e0 neutra o una tonalit\u00e0 pi\u00f9 audace, questo battiscopa soddisfer\u00e0 tutte le tue esigenze decorative.<\/p>\n<p><span style=\"text-decoration: underline;\"><strong>Durevole e facile da mantenere<\/strong><\/span><\/p>\n<p>Realizzato in robusto PVC, questo battiscopa \u00e8 altamente resistente agli urti e all'umidit\u00e0. A differenza dei battiscopa in legno, non si deforma e richiede pochissima manutenzione. Ideale per qualsiasi stanza della casa, compresi bagno e cucina, garantisce una durata eccezionale.<\/p>\n<p><span style=\"text-decoration: underline;\"><strong>Perch\u00e9 scegliere Mom Design?<\/strong><\/span><\/p>\n<p>Da Mom Design selezioniamo prodotti di qualit\u00e0 per valorizzare i vostri interni a prezzi competitivi. Il battiscopa in PVC bianco Luigi VIII \u00e8 disponibile con consegna rapida per un acquisto senza pensieri. Visitate anche il nostro showroom per scoprire un'ampia gamma di idee decorative e trovare ispirazione per i vostri interni.<\/p>","protected":false},"excerpt":{"rendered":"<p>Il battiscopa in PVC bianco Luigi VIII da 2 metri unisce eleganza, praticit\u00e0 e resistenza. Facile da installare e personalizzare, garantisce una finitura moderna e ordinata a tutti i tuoi spazi. Disponibile esclusivamente da Mom Design con consegna rapida, \u00e8 l'alleato perfetto per i tuoi progetti di interior design.<\/p>","protected":false},"featured_media":7429,"comment_status":"open","ping_status":"closed","template":"","meta":{"_acf_changed":false},"product_brand":[],"product_cat":[53],"product_tag":[],"class_list":{"0":"post-7419","1":"product","2":"type-product","3":"status-publish","4":"has-post-thumbnail","6":"product_cat-plinthes","7":"product_shipping_class-livraison-gls","9":"first","10":"instock","11":"taxable","12":"shipping-taxable","13":"purchasable","14":"product-type-simple","15":"add-to-wishlist-after_add_to_cart"},"acf":[],"yoast_head":"<!-- This site is optimized with the Yoast SEO plugin v27.0 - https:\/\/yoast.com\/product\/yoast-seo-wordpress\/ -->\n<title>Plinthe murale en pvc blanche 2 m\u00e8tres Louis VIII | MOM DESIGN<\/title>\n<meta name=\"description\" content=\"Optez pour la plinthe murale en PVC blanche Louis VIII de 2 m\u00e8tres chez Mom Design. \u00c9l\u00e9gante, r\u00e9sistante et personnalisable, elle assure une finition parfaite. Profitez de la livraison rapide pour transformer vos int\u00e9rieurs avec style.\" \/>\n<meta name=\"robots\" content=\"index, follow, max-snippet:-1, max-image-preview:large, max-video-preview:-1\" \/>\n<link rel=\"canonical\" href=\"https:\/\/mom-design.com\/it\/produit\/plinthe-murale-blanche-2\/\" \/>\n<meta property=\"og:locale\" content=\"it_IT\" \/>\n<meta property=\"og:type\" content=\"article\" \/>\n<meta property=\"og:title\" content=\"Plinthe murale en pvc blanche 2 m\u00e8tres Louis VIII | MOM DESIGN\" \/>\n<meta property=\"og:description\" content=\"Optez pour la plinthe murale en PVC blanche Louis VIII de 2 m\u00e8tres chez Mom Design. \u00c9l\u00e9gante, r\u00e9sistante et personnalisable, elle assure une finition parfaite. Profitez de la livraison rapide pour transformer vos int\u00e9rieurs avec style.\" \/>\n<meta property=\"og:url\" content=\"https:\/\/mom-design.com\/it\/produit\/plinthe-murale-blanche-2\/\" \/>\n<meta property=\"og:site_name\" content=\"MOM DESIGN\" \/>\n<meta property=\"article:modified_time\" content=\"2025-10-25T18:41:49+00:00\" \/>\n<meta property=\"og:image\" content=\"https:\/\/mom-design.com\/wp-content\/uploads\/2024\/10\/WhatsApp-Image-2024-10-15-at-10.26.35.jpeg\" \/>\n\t<meta property=\"og:image:width\" content=\"1035\" \/>\n\t<meta property=\"og:image:height\" content=\"365\" \/>\n\t<meta property=\"og:image:type\" content=\"image\/jpeg\" \/>\n<meta name=\"twitter:card\" content=\"summary_large_image\" \/>\n<meta name=\"twitter:label1\" content=\"Tempo di lettura stimato\" \/>\n\t<meta name=\"twitter:data1\" content=\"2 minuti\" \/>\n<script type=\"application\/ld+json\" class=\"yoast-schema-graph\">{\"@context\":\"https:\/\/schema.org\",\"@graph\":[{\"@type\":\"WebPage\",\"@id\":\"https:\/\/mom-design.com\/it\/produit\/plinthe-murale-blanche-2\/\",\"url\":\"https:\/\/mom-design.com\/it\/produit\/plinthe-murale-blanche-2\/\",\"name\":\"Plinthe murale en pvc blanche 2 m\u00e8tres Louis VIII | MOM DESIGN\",\"isPartOf\":{\"@id\":\"https:\/\/mom-design.com\/it\/#website\"},\"primaryImageOfPage\":{\"@id\":\"https:\/\/mom-design.com\/it\/produit\/plinthe-murale-blanche-2\/#primaryimage\"},\"image\":{\"@id\":\"https:\/\/mom-design.com\/it\/produit\/plinthe-murale-blanche-2\/#primaryimage\"},\"thumbnailUrl\":\"https:\/\/mom-design.com\/wp-content\/uploads\/2024\/10\/WhatsApp-Image-2024-10-15-at-10.26.35.jpeg\",\"datePublished\":\"2024-10-15T04:15:26+00:00\",\"dateModified\":\"2025-10-25T18:41:49+00:00\",\"description\":\"Optez pour la plinthe murale en PVC blanche Louis VIII de 2 m\u00e8tres chez Mom Design. \u00c9l\u00e9gante, r\u00e9sistante et personnalisable, elle assure une finition parfaite. Profitez de la livraison rapide pour transformer vos int\u00e9rieurs avec style.\",\"breadcrumb\":{\"@id\":\"https:\/\/mom-design.com\/it\/produit\/plinthe-murale-blanche-2\/#breadcrumb\"},\"inLanguage\":\"it-IT\",\"potentialAction\":[{\"@type\":\"ReadAction\",\"target\":[\"https:\/\/mom-design.com\/it\/produit\/plinthe-murale-blanche-2\/\"]}]},{\"@type\":\"ImageObject\",\"inLanguage\":\"it-IT\",\"@id\":\"https:\/\/mom-design.com\/it\/produit\/plinthe-murale-blanche-2\/#primaryimage\",\"url\":\"https:\/\/mom-design.com\/wp-content\/uploads\/2024\/10\/WhatsApp-Image-2024-10-15-at-10.26.35.jpeg\",\"contentUrl\":\"https:\/\/mom-design.com\/wp-content\/uploads\/2024\/10\/WhatsApp-Image-2024-10-15-at-10.26.35.jpeg\",\"width\":1035,\"height\":365},{\"@type\":\"BreadcrumbList\",\"@id\":\"https:\/\/mom-design.com\/it\/produit\/plinthe-murale-blanche-2\/#breadcrumb\",\"itemListElement\":[{\"@type\":\"ListItem\",\"position\":1,\"name\":\"D\u00e9coration murale d\u2019int\u00e9rieur\",\"item\":\"https:\/\/mom-design.com\/de\/\"},{\"@type\":\"ListItem\",\"position\":2,\"name\":\"Plinthe murale en pvc blanche 2 m\u00e8tres Louis VIII\"}]},{\"@type\":\"WebSite\",\"@id\":\"https:\/\/mom-design.com\/it\/#website\",\"url\":\"https:\/\/mom-design.com\/it\/\",\"name\":\"MOM DESIGN\",\"description\":\"Sp\u00e9cialiste du design mural d&#039;int\u00e9rieur\",\"potentialAction\":[{\"@type\":\"SearchAction\",\"target\":{\"@type\":\"EntryPoint\",\"urlTemplate\":\"https:\/\/mom-design.com\/it\/?s={search_term_string}\"},\"query-input\":{\"@type\":\"PropertyValueSpecification\",\"valueRequired\":true,\"valueName\":\"search_term_string\"}}],\"inLanguage\":\"it-IT\"}]}<\/script>\n<!-- \/ Yoast SEO plugin. -->","yoast_head_json":{"title":"Plinthe murale en pvc blanche 2 m\u00e8tres Louis VIII | MOM DESIGN","description":"Optez pour la plinthe murale en PVC blanche Louis VIII de 2 m\u00e8tres chez Mom Design. \u00c9l\u00e9gante, r\u00e9sistante et personnalisable, elle assure une finition parfaite. Profitez de la livraison rapide pour transformer vos int\u00e9rieurs avec style.","robots":{"index":"index","follow":"follow","max-snippet":"max-snippet:-1","max-image-preview":"max-image-preview:large","max-video-preview":"max-video-preview:-1"},"canonical":"https:\/\/mom-design.com\/it\/produit\/plinthe-murale-blanche-2\/","og_locale":"it_IT","og_type":"article","og_title":"Plinthe murale en pvc blanche 2 m\u00e8tres Louis VIII | MOM DESIGN","og_description":"Optez pour la plinthe murale en PVC blanche Louis VIII de 2 m\u00e8tres chez Mom Design. \u00c9l\u00e9gante, r\u00e9sistante et personnalisable, elle assure une finition parfaite. Profitez de la livraison rapide pour transformer vos int\u00e9rieurs avec style.","og_url":"https:\/\/mom-design.com\/it\/produit\/plinthe-murale-blanche-2\/","og_site_name":"MOM DESIGN","article_modified_time":"2025-10-25T18:41:49+00:00","og_image":[{"width":1035,"height":365,"url":"https:\/\/mom-design.com\/wp-content\/uploads\/2024\/10\/WhatsApp-Image-2024-10-15-at-10.26.35.jpeg","type":"image\/jpeg"}],"twitter_card":"summary_large_image","twitter_misc":{"Tempo di lettura stimato":"2 minuti"},"schema":{"@context":"https:\/\/schema.org","@graph":[{"@type":"WebPage","@id":"https:\/\/mom-design.com\/it\/produit\/plinthe-murale-blanche-2\/","url":"https:\/\/mom-design.com\/it\/produit\/plinthe-murale-blanche-2\/","name":"Plinthe murale en pvc blanche 2 m\u00e8tres Louis VIII | MOM DESIGN","isPartOf":{"@id":"https:\/\/mom-design.com\/it\/#website"},"primaryImageOfPage":{"@id":"https:\/\/mom-design.com\/it\/produit\/plinthe-murale-blanche-2\/#primaryimage"},"image":{"@id":"https:\/\/mom-design.com\/it\/produit\/plinthe-murale-blanche-2\/#primaryimage"},"thumbnailUrl":"https:\/\/mom-design.com\/wp-content\/uploads\/2024\/10\/WhatsApp-Image-2024-10-15-at-10.26.35.jpeg","datePublished":"2024-10-15T04:15:26+00:00","dateModified":"2025-10-25T18:41:49+00:00","description":"Optez pour la plinthe murale en PVC blanche Louis VIII de 2 m\u00e8tres chez Mom Design. \u00c9l\u00e9gante, r\u00e9sistante et personnalisable, elle assure une finition parfaite. Profitez de la livraison rapide pour transformer vos int\u00e9rieurs avec style.","breadcrumb":{"@id":"https:\/\/mom-design.com\/it\/produit\/plinthe-murale-blanche-2\/#breadcrumb"},"inLanguage":"it-IT","potentialAction":[{"@type":"ReadAction","target":["https:\/\/mom-design.com\/it\/produit\/plinthe-murale-blanche-2\/"]}]},{"@type":"ImageObject","inLanguage":"it-IT","@id":"https:\/\/mom-design.com\/it\/produit\/plinthe-murale-blanche-2\/#primaryimage","url":"https:\/\/mom-design.com\/wp-content\/uploads\/2024\/10\/WhatsApp-Image-2024-10-15-at-10.26.35.jpeg","contentUrl":"https:\/\/mom-design.com\/wp-content\/uploads\/2024\/10\/WhatsApp-Image-2024-10-15-at-10.26.35.jpeg","width":1035,"height":365},{"@type":"BreadcrumbList","@id":"https:\/\/mom-design.com\/it\/produit\/plinthe-murale-blanche-2\/#breadcrumb","itemListElement":[{"@type":"ListItem","position":1,"name":"D\u00e9coration murale d\u2019int\u00e9rieur","item":"https:\/\/mom-design.com\/de\/"},{"@type":"ListItem","position":2,"name":"Plinthe murale en pvc blanche 2 m\u00e8tres Louis VIII"}]},{"@type":"WebSite","@id":"https:\/\/mom-design.com\/it\/#website","url":"https:\/\/mom-design.com\/it\/","name":"MAMMA DESIGN","description":"Sp\u00e9cialiste du design mural d'int\u00e9rieur","potentialAction":[{"@type":"SearchAction","target":{"@type":"EntryPoint","urlTemplate":"https:\/\/mom-design.com\/it\/?s={search_term_string}"},"query-input":{"@type":"PropertyValueSpecification","valueRequired":true,"valueName":"search_term_string"}}],"inLanguage":"it-IT"}]}},"_links":{"self":[{"href":"https:\/\/mom-design.com\/it\/wp-json\/wp\/v2\/product\/7419","targetHints":{"allow":["GET"]}}],"collection":[{"href":"https:\/\/mom-design.com\/it\/wp-json\/wp\/v2\/product"}],"about":[{"href":"https:\/\/mom-design.com\/it\/wp-json\/wp\/v2\/types\/product"}],"replies":[{"embeddable":true,"href":"https:\/\/mom-design.com\/it\/wp-json\/wp\/v2\/comments?post=7419"}],"wp:featuredmedia":[{"embeddable":true,"href":"https:\/\/mom-design.com\/it\/wp-json\/wp\/v2\/media\/7429"}],"wp:attachment":[{"href":"https:\/\/mom-design.com\/it\/wp-json\/wp\/v2\/media?parent=7419"}],"wp:term":[{"taxonomy":"product_brand","embeddable":true,"href":"https:\/\/mom-design.com\/it\/wp-json\/wp\/v2\/product_brand?post=7419"},{"taxonomy":"product_cat","embeddable":true,"href":"https:\/\/mom-design.com\/it\/wp-json\/wp\/v2\/product_cat?post=7419"},{"taxonomy":"product_tag","embeddable":true,"href":"https:\/\/mom-design.com\/it\/wp-json\/wp\/v2\/product_tag?post=7419"}],"curies":[{"name":"wp","href":"https:\/\/api.w.org\/{rel}","templated":true}]}}