{"id":6502,"date":"2024-07-21T19:59:22","date_gmt":"2024-07-21T17:59:22","guid":{"rendered":"https:\/\/mom-design.com\/?page_id=6502"},"modified":"2024-09-16T15:15:56","modified_gmt":"2024-09-16T13:15:56","slug":"confidentialite","status":"publish","type":"page","link":"https:\/\/mom-design.com\/nl\/confidentialite\/","title":{"rendered":"Politique de Confidentialit\u00e9"},"content":{"rendered":"<div data-elementor-type=\"wp-page\" data-elementor-id=\"6502\" class=\"elementor elementor-6502\" data-elementor-post-type=\"page\">\n\t\t\t\t<div class=\"elementor-element elementor-element-10ed8646 e-flex e-con-boxed e-con e-parent\" data-id=\"10ed8646\" data-element_type=\"container\" data-e-type=\"container\">\n\t\t\t\t\t<div class=\"e-con-inner\">\n\t\t\t\t<div class=\"elementor-element elementor-element-2de7ac13 elementor-widget elementor-widget-text-editor\" data-id=\"2de7ac13\" data-element_type=\"widget\" data-e-type=\"widget\" data-widget_type=\"text-editor.default\">\n\t\t\t\t<div class=\"elementor-widget-container\">\n\t\t\t\t\t\t\t\t\t\n<h3 class=\"wp-block-heading\">DEFINITIES VAN TERMEN DIE WORDEN GEBRUIKT IN HET HANDVEST<\/h3>\n\n<p>We wijzen door de volgende :<br \/><br \/>\u2018Site\u2019 ou \u2018service\u2019 : le site https:\/\/www.mom-design.com et l\u2019ensemble de ses pages.<br \/>Uitgever': Blooms Decor SARL, verantwoordelijk voor de publicatie en inhoud van de site.<br \/>&#039;Gebruiker&#039; : De gebruiker van internet te bezoeken en gebruik te maken van de diensten van de site.<\/p>\n\n<h3 class=\"wp-block-heading\">INLEIDING EN DE ROL VAN HET HANDVEST<\/h3>\n\n<p>Het doel van dit charter is om u te informeren over de verplichtingen van de site met betrekking tot uw privacy en de bescherming van de persoonlijke gegevens die zijn verzameld en verwerkt op het moment van uw gebruik van de service.<br \/><br \/>Door zich te registreren op de site, gaat u ermee akkoord ons te voorzien van informatie waar over u.<br \/>U kunt te allen tijde een verzoek indienen bij Blooms Decor SARL om te weten welke informatie over u in het bezit is van Blooms Decor SARL, om u te verzetten tegen de verwerking ervan, om ze te laten wijzigen of verwijderen door contact op te nemen met de publicatiemanager via contact@mom-design.com.<\/p>\n\n<h3 class=\"wp-block-heading\">DE GEGEVENS VERZAMELD OP DE SITE<\/h3>\n\n<p>De gegevens zijn verzameld en vervolgens worden verwerkt door de site zijn die u vrijwillig aan ons verstrekt door het invullen van de verschillende formulieren op de site. Voor bepaalde bewerkingen op de inhoud, zal u gevraagd worden tot het doorgeven van gegevens over u aan derden partners door hun eigen diensten, met inbegrip van onze leveranciers, zodat u om te profiteren van de beste voorwaarden van de service die wij aanbieden.<br \/><br \/>Uw IP-adres (identificatienummer gegeven op het Internet naar uw computer) wordt automatisch verzameld. U bent ge\u00efnformeerd dat de dienst zal waarschijnlijk voor het implementeren van een automatische tracering proces (Cookie), wat u kunt doen voor de belemmering door het wijzigen van de parameters van uw internet browser.<br \/><br \/>De contact informatie van de gebruikers van de site die zich hebben geregistreerd op het opgeslagen moet worden, in overeenstemming met de bepalingen van de wet bescherming persoonsgegevens van 6 januari 1978. Volgens de laatste, zij hebben een recht van toegang tot, verwijdering, wijziging of correctie van de gegevens die ze hebben verstrekt. Voor deze, ze maken het verzoek naar het volgende e-mailadres : contact@mom-design.com of per post naar MAMA Design llc, 209 avenue van de republiek, 93800 in Epinay-sur-Seine.<\/p>\n\n<h3 class=\"wp-block-heading\">HET DOEL VAN DE VERZAMELDE GEGEVENS<\/h3>\n\n<p>De gegevens die verplicht op de formulieren op de site, noodzakelijk zijn om te kunnen profiteren van de overeenkomstige functies van de site, en meer specifiek van de werkzaamheden op de inhoud die beschikbaar is binnen het. De gegevens automatisch verzameld door onze dienst in staat zal zijn om statistieken op te maken betreffende de raadpleging van webpagina &#039; s.<\/p>\n\n<h3 class=\"wp-block-heading\">ONTVANGERS EN HET GEBRUIK VAN VERZAMELDE GEGEVENS<\/h3>\n\n<p>Uw verzamelde gegevens door ons worden verwerkt voor het doel van de uitvoering van de werkzaamheden op de inhoud van de dienst.\u00a0<br \/><br \/>Je bent waarschijnlijk voor het ontvangen van e-mails van onze dienstverlening, in het bijzonder in de context van nieuwsbrieven. U kunt aanvragen niet meer te ontvangen van deze e-mail contact met ons opnemen op het adres contact@mom-design.com of op de link die voor dit doel in elke e-mail die naar u worden verzonden.\u00a0<br \/><br \/>Pour certaines donn\u00e9es uniquement, identifi\u00e9es au sein du formulaire correspondant, et sous r\u00e9serve de votre acceptation volontaire et active au travers dudit formulaire, vous acceptez que vos donn\u00e9es soient transmises \u00e0 nos partenaires commerciaux \u00e0 des fins de marketing ou publicitaires. Nous vous informons qu\u2019une telle transmission \u00e0 des tiers exclut toutes les donn\u00e9es bancaires vous concernant. Ces partenaires commerciaux peuvent vous envoyer par courrier \u00e9lectronique des informations dans le cadre d\u2019op\u00e9rations promotionnelles pr\u00e9cises et ponctuelles. Ces partenaires sont sp\u00e9cialement choisis par https:\/\/www.mom-design.com en fonction de la qualit\u00e9 de leurs produits et services. Vous pouvez demander \u00e0 ne plus recevoir ces courriers \u00e9lectroniques \u00e0 tout moment en nous contactant \u00e0 l\u2019adresse <a href=\"mailto:contact.site.internet@leroymerlin.fr\"><strong>contact@mom-design.com<\/strong><\/a> of op de link en geplaatst in de voettekst van elke e-mail die naar u verzonden worden.<\/p>\n\n<h3 class=\"wp-block-heading\">BEVEILIGING VAN GEGEVENS<\/h3>\n\n<p>U krijgt een melding dat uw gegevens kunnen worden verstrekt op grond van een wet, verordening of krachtens een beslissing van een bevoegde regelgevende of gerechtelijke autoriteit of, indien nodig, voor de doeleinden van de Editor, tot behoud van haar rechten en belangen.<\/p>\n\n<h3 class=\"wp-block-heading\">RECHT Van TOEGANG, WIJZIGING, CORRECTIE EN VERWIJDERING<\/h3>\n\n<p>U hebt een recht van toegang, wijziging, correctie en verwijdering van de gegevens die u betreffen.\u00a0<br \/>U kunt dit recht uitoefenen door het verzenden van uw aanvraag via e-mail of per post op het onderstaande contact informatie :<\/p>\n\n<p>MOM-DESIGN.COM<\/p>\n\n<p>209 avenue van de republiek<\/p>\n\n<p>93800 in Epinay-sur-Seine, FRANKRIJK<\/p>\n\n<p>E-mail :\u00a0<a href=\"mailto:contact.site.internet@leroymerlin.fr\"><strong>contact@mom-design.com<\/strong><\/a><\/p>\n\n<p>Zodat we kunnen voldoen aan deze vraag, u hoeft te doen is ons de informatie die nodig is om u te identificeren : voornaam, achternaam, e-mailadres, en eventueel uw postadres.<\/p>\n\n<h3 class=\"wp-block-heading\">DE DUUR VAN HET BEHOUD VAN GEGEVENS<\/h3>\n\n<p>De gegevens worden opgeslagen op de host van de website, waarvan de contact informatie is opgenomen in de Juridische kennisgeving van de site, en worden bewaard voor de tijd die strikt noodzakelijk is voor het bereiken van de doeleinden als hierboven beschreven. Na deze periode, ze zullen worden bewaard voor statistische doeleinden, en zal geen aanleiding geven tot exploitatie van welke aard dan ook.<\/p>\n\t\t\t\t\t\t\t\t<\/div>\n\t\t\t\t<\/div>\n\t\t\t\t\t<\/div>\n\t\t\t\t<\/div>\n\t\t\t\t<\/div>","protected":false},"excerpt":{"rendered":"<p>D\u00c9FINITIONS DES TERMES UTILIS\u00c9S DANS LA CHARTE On d\u00e9signera par la suite : &lsquo;Site&rsquo; ou &lsquo;service&rsquo; : le site https:\/\/www.mom-design.com et l&rsquo;ensemble de ses pages.&lsquo;Editeur&rsquo; : Blooms Decor SARL, responsable de l&rsquo;\u00e9dition et du contenu du site.&lsquo;Utilisateur&rsquo; : L&rsquo;internaute visitant et utilisant les services du site. INTRODUCTION ET R\u00d4LE DE LA CHARTE La pr\u00e9sente charte [&hellip;]<\/p>\n","protected":false},"author":1,"featured_media":0,"parent":0,"menu_order":0,"comment_status":"closed","ping_status":"closed","template":"","meta":{"_acf_changed":false,"footnotes":""},"class_list":["post-6502","page","type-page","status-publish","hentry"],"acf":[],"yoast_head":"<!-- This site is optimized with the Yoast SEO plugin v27.0 - https:\/\/yoast.com\/product\/yoast-seo-wordpress\/ -->\n<title>Politique de Confidentialit\u00e9 | MOM DESIGN<\/title>\n<meta name=\"robots\" content=\"index, follow, max-snippet:-1, max-image-preview:large, max-video-preview:-1\" \/>\n<link rel=\"canonical\" href=\"https:\/\/mom-design.com\/nl\/confidentialite\/\" \/>\n<meta property=\"og:locale\" content=\"nl_NL\" \/>\n<meta property=\"og:type\" content=\"article\" \/>\n<meta property=\"og:title\" content=\"Politique de Confidentialit\u00e9 | MOM DESIGN\" \/>\n<meta property=\"og:description\" content=\"D\u00c9FINITIONS DES TERMES UTILIS\u00c9S DANS LA CHARTE On d\u00e9signera par la suite : &lsquo;Site&rsquo; ou &lsquo;service&rsquo; : le site https:\/\/www.mom-design.com et l&rsquo;ensemble de ses pages.&lsquo;Editeur&rsquo; : Blooms Decor SARL, responsable de l&rsquo;\u00e9dition et du contenu du site.&lsquo;Utilisateur&rsquo; : L&rsquo;internaute visitant et utilisant les services du site. INTRODUCTION ET R\u00d4LE DE LA CHARTE La pr\u00e9sente charte [&hellip;]\" \/>\n<meta property=\"og:url\" content=\"https:\/\/mom-design.com\/nl\/confidentialite\/\" \/>\n<meta property=\"og:site_name\" content=\"MOM DESIGN\" \/>\n<meta property=\"article:modified_time\" content=\"2024-09-16T13:15:56+00:00\" \/>\n<meta name=\"twitter:card\" content=\"summary_large_image\" \/>\n<meta name=\"twitter:label1\" content=\"Geschatte leestijd\" \/>\n\t<meta name=\"twitter:data1\" content=\"5 minuten\" \/>\n<script type=\"application\/ld+json\" class=\"yoast-schema-graph\">{\"@context\":\"https:\/\/schema.org\",\"@graph\":[{\"@type\":\"WebPage\",\"@id\":\"https:\/\/mom-design.com\/nl\/confidentialite\/\",\"url\":\"https:\/\/mom-design.com\/nl\/confidentialite\/\",\"name\":\"Politique de Confidentialit\u00e9 | MOM DESIGN\",\"isPartOf\":{\"@id\":\"https:\/\/mom-design.com\/nl\/#website\"},\"datePublished\":\"2024-07-21T17:59:22+00:00\",\"dateModified\":\"2024-09-16T13:15:56+00:00\",\"breadcrumb\":{\"@id\":\"https:\/\/mom-design.com\/nl\/confidentialite\/#breadcrumb\"},\"inLanguage\":\"nl-NL\",\"potentialAction\":[{\"@type\":\"ReadAction\",\"target\":[\"https:\/\/mom-design.com\/nl\/confidentialite\/\"]}]},{\"@type\":\"BreadcrumbList\",\"@id\":\"https:\/\/mom-design.com\/nl\/confidentialite\/#breadcrumb\",\"itemListElement\":[{\"@type\":\"ListItem\",\"position\":1,\"name\":\"D\u00e9coration murale d\u2019int\u00e9rieur\",\"item\":\"https:\/\/mom-design.com\/de\/\"},{\"@type\":\"ListItem\",\"position\":2,\"name\":\"Politique de Confidentialit\u00e9\"}]},{\"@type\":\"WebSite\",\"@id\":\"https:\/\/mom-design.com\/nl\/#website\",\"url\":\"https:\/\/mom-design.com\/nl\/\",\"name\":\"MOM DESIGN\",\"description\":\"Sp\u00e9cialiste du design mural d&#039;int\u00e9rieur\",\"potentialAction\":[{\"@type\":\"SearchAction\",\"target\":{\"@type\":\"EntryPoint\",\"urlTemplate\":\"https:\/\/mom-design.com\/nl\/?s={search_term_string}\"},\"query-input\":{\"@type\":\"PropertyValueSpecification\",\"valueRequired\":true,\"valueName\":\"search_term_string\"}}],\"inLanguage\":\"nl-NL\"}]}<\/script>\n<!-- \/ Yoast SEO plugin. -->","yoast_head_json":{"title":"Politique de Confidentialit\u00e9 | MOM DESIGN","robots":{"index":"index","follow":"follow","max-snippet":"max-snippet:-1","max-image-preview":"max-image-preview:large","max-video-preview":"max-video-preview:-1"},"canonical":"https:\/\/mom-design.com\/nl\/confidentialite\/","og_locale":"nl_NL","og_type":"article","og_title":"Politique de Confidentialit\u00e9 | MOM DESIGN","og_description":"D\u00c9FINITIONS DES TERMES UTILIS\u00c9S DANS LA CHARTE On d\u00e9signera par la suite : &lsquo;Site&rsquo; ou &lsquo;service&rsquo; : le site https:\/\/www.mom-design.com et l&rsquo;ensemble de ses pages.&lsquo;Editeur&rsquo; : Blooms Decor SARL, responsable de l&rsquo;\u00e9dition et du contenu du site.&lsquo;Utilisateur&rsquo; : L&rsquo;internaute visitant et utilisant les services du site. INTRODUCTION ET R\u00d4LE DE LA CHARTE La pr\u00e9sente charte [&hellip;]","og_url":"https:\/\/mom-design.com\/nl\/confidentialite\/","og_site_name":"MOM DESIGN","article_modified_time":"2024-09-16T13:15:56+00:00","twitter_card":"summary_large_image","twitter_misc":{"Geschatte leestijd":"5 minuten"},"schema":{"@context":"https:\/\/schema.org","@graph":[{"@type":"WebPage","@id":"https:\/\/mom-design.com\/nl\/confidentialite\/","url":"https:\/\/mom-design.com\/nl\/confidentialite\/","name":"Politique de Confidentialit\u00e9 | MOM DESIGN","isPartOf":{"@id":"https:\/\/mom-design.com\/nl\/#website"},"datePublished":"2024-07-21T17:59:22+00:00","dateModified":"2024-09-16T13:15:56+00:00","breadcrumb":{"@id":"https:\/\/mom-design.com\/nl\/confidentialite\/#breadcrumb"},"inLanguage":"nl-NL","potentialAction":[{"@type":"ReadAction","target":["https:\/\/mom-design.com\/nl\/confidentialite\/"]}]},{"@type":"BreadcrumbList","@id":"https:\/\/mom-design.com\/nl\/confidentialite\/#breadcrumb","itemListElement":[{"@type":"ListItem","position":1,"name":"D\u00e9coration murale d\u2019int\u00e9rieur","item":"https:\/\/mom-design.com\/de\/"},{"@type":"ListItem","position":2,"name":"Politique de Confidentialit\u00e9"}]},{"@type":"WebSite","@id":"https:\/\/mom-design.com\/nl\/#website","url":"https:\/\/mom-design.com\/nl\/","name":"MAMA DESIGN","description":"Sp\u00e9cialiste du design mural d'int\u00e9rieur","potentialAction":[{"@type":"SearchAction","target":{"@type":"EntryPoint","urlTemplate":"https:\/\/mom-design.com\/nl\/?s={search_term_string}"},"query-input":{"@type":"PropertyValueSpecification","valueRequired":true,"valueName":"search_term_string"}}],"inLanguage":"nl-NL"}]}},"_links":{"self":[{"href":"https:\/\/mom-design.com\/nl\/wp-json\/wp\/v2\/pages\/6502","targetHints":{"allow":["GET"]}}],"collection":[{"href":"https:\/\/mom-design.com\/nl\/wp-json\/wp\/v2\/pages"}],"about":[{"href":"https:\/\/mom-design.com\/nl\/wp-json\/wp\/v2\/types\/page"}],"author":[{"embeddable":true,"href":"https:\/\/mom-design.com\/nl\/wp-json\/wp\/v2\/users\/1"}],"replies":[{"embeddable":true,"href":"https:\/\/mom-design.com\/nl\/wp-json\/wp\/v2\/comments?post=6502"}],"version-history":[{"count":10,"href":"https:\/\/mom-design.com\/nl\/wp-json\/wp\/v2\/pages\/6502\/revisions"}],"predecessor-version":[{"id":7394,"href":"https:\/\/mom-design.com\/nl\/wp-json\/wp\/v2\/pages\/6502\/revisions\/7394"}],"wp:attachment":[{"href":"https:\/\/mom-design.com\/nl\/wp-json\/wp\/v2\/media?parent=6502"}],"curies":[{"name":"wp","href":"https:\/\/api.w.org\/{rel}","templated":true}]}}