{"id":6665,"date":"2024-07-23T20:59:35","date_gmt":"2024-07-23T18:59:35","guid":{"rendered":"https:\/\/mom-design.com\/?post_type=product&#038;p=6665"},"modified":"2025-09-29T13:38:06","modified_gmt":"2025-09-29T11:38:06","slug":"cimaise-murale-blanche","status":"publish","type":"product","link":"https:\/\/mom-design.com\/nl\/produit\/cimaises-1\/","title":{"rendered":"Witte wandrail 2 meter Philippe IV"},"content":{"rendered":"<h4>\u00a0 \u00a0 \u00a0 \u00a0 \u00a0 \u00a0 \u00a0 \u00a0 \u00a0 \u00a0 <span style=\"text-decoration: underline;\">Kenmerken :<br \/>\n<\/span><\/h4>\n<p>&#8211; <span style=\"text-decoration: underline;\">Kleur<\/span> : wit<br \/>\n&#8211; <span style=\"text-decoration: underline;\">Materiaal<\/span> : duurzaam en lichtgewicht<br \/>\n\u2013 Eenvoudige Installatie<br \/>\n\u2013 Verkrijgbaar met verschillende soorten wandbeslag<br \/>\n\u2013 Eenvoudige Entertainment<\/p>\n<h4>\u00a0 \u00a0 \u00a0 \u00a0 \u00a0 \u00a0 \u00a0 \u00a0 \u00a0 \u00a0 <span style=\"text-decoration: underline;\">Waarom kiezen voor een pic lege muur ?<\/span><\/h4>\n<p><strong>De <a href=\"https:\/\/mom-design.com\/nl\/product\/cimaises-1\/\">boven de muur<\/a> wit<\/strong> is de <strong>perfecte oplossing<\/strong> voor degenen die willen hun bloot <strong>Kunst en foto &#039; s op een stijlvolle manier<\/strong>. De witte kleur is in harmonie <strong>met alle versieringen<\/strong>die is modern, klassiek of minimalistisch. Meer, deze tool biedt een flexibele oplossing voor het eenvoudig wijzigen van uw kozijnen zonder beschadiging van uw muren.<\/p>\n<h4>\u00a0 \u00a0 \u00a0 \u00a0 \u00a0 \u00a0 \u00a0 \u00a0 \u00a0 \u00a0 <span style=\"text-decoration: underline;\">Snelle en eenvoudige Installatie<\/span><\/h4>\n<p>De installatie van onze top-muur is zeer eenvoudig.<strong> Met bevestigingsmateriaal meegeleverd,<\/strong> U kunt voor het installeren in een paar minuten. Bovendien is de lichtgewicht ontwerp kan de installateur om te werken op verschillende types van muren.<\/p>\n<h4>\u00a0 \u00a0 \u00a0 \u00a0 \u00a0 \u00a0 \u00a0 \u00a0 \u00a0 \u00a0 \u00a0<span style=\"text-decoration: underline;\">Esthetiek en functionaliteit<\/span><\/h4>\n<p>Naast de praktische zaken, deze top wanddecoratie wit <strong>een <a href=\"https:\/\/mom-design.com\/nl\/product\/plinthes-12\/\">uitstraling aan uw interieur<\/a><\/strong>. Ze zijn ontworpen om zuiver en kostbaar voor je werk zonder extra kosten. Of u wilt weergeven familie foto &#039; s, kunstwerken of graden, dit imaise zet ze in waarde op een stijlvolle manier. De entertainment van deze top is eenvoudig, u<strong>n eenvoudige chiffon nat genoeg om het schoon te houden en mooi.<\/strong><\/p>\n<h4>\u00a0 \u00a0 \u00a0 \u00a0 \u00a0 \u00a0 \u00a0 \u00a0 \u00a0 \u00a0 <span style=\"text-decoration: underline;\">Extra voordelen met MAMA DESIGN<\/span><\/h4>\n<p><a href=\"https:\/\/mom-design.com\/nl\/product\/cimaises-2\/\"><strong>In MAMA DESIGN<\/strong><\/a>we zijn toegewijd nu in om producten te leveren van superieure kwaliteit en deze kwaliteit is beschikbaar. <strong>uitsluitend op onze site<\/strong> met een speciale aanbieding is inclusief <strong>Gratis levering en gratis retour.\u00a0<\/strong><\/p>","protected":false},"excerpt":{"rendered":"<p><strong>Dit <a href=\"https:\/\/mom-design.com\/nl\/cimaises\/\">de bovenste muur wit<\/a><\/strong> Het is ideaal voor het presenteren van kunstwerken en foto &#039; s met elegantie. In de kleur wit, het is gemakkelijk om te kijken naar alle van de stijlen van het interieur. Beschikbaar met gratis retourneren en gratis, terwijl esthetiek en functionaliteit voor een verfijnd interieur. Nu kopen, nu kopen voor het transformeren van uw ruimte.<\/p>","protected":false},"featured_media":7249,"comment_status":"open","ping_status":"closed","template":"","meta":{"_acf_changed":false},"product_brand":[],"product_cat":[52],"product_tag":[],"class_list":{"0":"post-6665","1":"product","2":"type-product","3":"status-publish","4":"has-post-thumbnail","6":"product_cat-cimaises","7":"product_shipping_class-livraison-gls","9":"first","10":"instock","11":"taxable","12":"shipping-taxable","13":"purchasable","14":"product-type-simple","15":"add-to-wishlist-after_add_to_cart"},"acf":[],"yoast_head":"<!-- This site is optimized with the Yoast SEO plugin v27.0 - https:\/\/yoast.com\/product\/yoast-seo-wordpress\/ -->\n<title>Cimaise murale blanche 2 m\u00e8tres Philippe IV | MOM DESIGN<\/title>\n<meta name=\"description\" content=\"D\u00e9couvrez notre cimaise murale blanche pour sublimer votre int\u00e9rieur avec style. Installation facile, livraison et retours gratuits. Disponible \u00e0 prix r\u00e9duit exclusivement chez MOM DESIGN. Ne manquez pas l&#039;occasion d&#039;embellir vos murs !\" \/>\n<meta name=\"robots\" content=\"index, follow, max-snippet:-1, max-image-preview:large, max-video-preview:-1\" \/>\n<link rel=\"canonical\" href=\"https:\/\/mom-design.com\/nl\/produit\/cimaises-1\/\" \/>\n<meta property=\"og:locale\" content=\"nl_NL\" \/>\n<meta property=\"og:type\" content=\"article\" \/>\n<meta property=\"og:title\" content=\"Cimaise murale blanche 2 m\u00e8tres Philippe IV | MOM DESIGN\" \/>\n<meta property=\"og:description\" content=\"D\u00e9couvrez notre cimaise murale blanche pour sublimer votre int\u00e9rieur avec style. Installation facile, livraison et retours gratuits. Disponible \u00e0 prix r\u00e9duit exclusivement chez MOM DESIGN. Ne manquez pas l&#039;occasion d&#039;embellir vos murs !\" \/>\n<meta property=\"og:url\" content=\"https:\/\/mom-design.com\/nl\/produit\/cimaises-1\/\" \/>\n<meta property=\"og:site_name\" content=\"MOM DESIGN\" \/>\n<meta property=\"article:modified_time\" content=\"2025-09-29T11:38:06+00:00\" \/>\n<meta property=\"og:image\" content=\"https:\/\/mom-design.com\/wp-content\/uploads\/2024\/07\/cimaise-mom-design-C1.jpeg\" \/>\n\t<meta property=\"og:image:width\" content=\"718\" \/>\n\t<meta property=\"og:image:height\" content=\"538\" \/>\n\t<meta property=\"og:image:type\" content=\"image\/jpeg\" \/>\n<meta name=\"twitter:card\" content=\"summary_large_image\" \/>\n<meta name=\"twitter:label1\" content=\"Geschatte leestijd\" \/>\n\t<meta name=\"twitter:data1\" content=\"2 minuten\" \/>\n<script type=\"application\/ld+json\" class=\"yoast-schema-graph\">{\"@context\":\"https:\/\/schema.org\",\"@graph\":[{\"@type\":\"WebPage\",\"@id\":\"https:\/\/mom-design.com\/nl\/produit\/cimaises-1\/\",\"url\":\"https:\/\/mom-design.com\/nl\/produit\/cimaises-1\/\",\"name\":\"Cimaise murale blanche 2 m\u00e8tres Philippe IV | MOM DESIGN\",\"isPartOf\":{\"@id\":\"https:\/\/mom-design.com\/nl\/#website\"},\"primaryImageOfPage\":{\"@id\":\"https:\/\/mom-design.com\/nl\/produit\/cimaises-1\/#primaryimage\"},\"image\":{\"@id\":\"https:\/\/mom-design.com\/nl\/produit\/cimaises-1\/#primaryimage\"},\"thumbnailUrl\":\"https:\/\/mom-design.com\/wp-content\/uploads\/2024\/07\/cimaise-mom-design-C1.jpeg\",\"datePublished\":\"2024-07-23T18:59:35+00:00\",\"dateModified\":\"2025-09-29T11:38:06+00:00\",\"description\":\"D\u00e9couvrez notre cimaise murale blanche pour sublimer votre int\u00e9rieur avec style. Installation facile, livraison et retours gratuits. Disponible \u00e0 prix r\u00e9duit exclusivement chez MOM DESIGN. Ne manquez pas l'occasion d'embellir vos murs !\",\"breadcrumb\":{\"@id\":\"https:\/\/mom-design.com\/nl\/produit\/cimaises-1\/#breadcrumb\"},\"inLanguage\":\"nl-NL\",\"potentialAction\":[{\"@type\":\"ReadAction\",\"target\":[\"https:\/\/mom-design.com\/nl\/produit\/cimaises-1\/\"]}]},{\"@type\":\"ImageObject\",\"inLanguage\":\"nl-NL\",\"@id\":\"https:\/\/mom-design.com\/nl\/produit\/cimaises-1\/#primaryimage\",\"url\":\"https:\/\/mom-design.com\/wp-content\/uploads\/2024\/07\/cimaise-mom-design-C1.jpeg\",\"contentUrl\":\"https:\/\/mom-design.com\/wp-content\/uploads\/2024\/07\/cimaise-mom-design-C1.jpeg\",\"width\":718,\"height\":538,\"caption\":\"cimaise mom design C1\"},{\"@type\":\"BreadcrumbList\",\"@id\":\"https:\/\/mom-design.com\/nl\/produit\/cimaises-1\/#breadcrumb\",\"itemListElement\":[{\"@type\":\"ListItem\",\"position\":1,\"name\":\"D\u00e9coration murale d\u2019int\u00e9rieur\",\"item\":\"https:\/\/mom-design.com\/de\/\"},{\"@type\":\"ListItem\",\"position\":2,\"name\":\"Cimaise murale blanche 2 m\u00e8tres Philippe IV\"}]},{\"@type\":\"WebSite\",\"@id\":\"https:\/\/mom-design.com\/nl\/#website\",\"url\":\"https:\/\/mom-design.com\/nl\/\",\"name\":\"MOM DESIGN\",\"description\":\"Sp\u00e9cialiste du design mural d&#039;int\u00e9rieur\",\"potentialAction\":[{\"@type\":\"SearchAction\",\"target\":{\"@type\":\"EntryPoint\",\"urlTemplate\":\"https:\/\/mom-design.com\/nl\/?s={search_term_string}\"},\"query-input\":{\"@type\":\"PropertyValueSpecification\",\"valueRequired\":true,\"valueName\":\"search_term_string\"}}],\"inLanguage\":\"nl-NL\"}]}<\/script>\n<!-- \/ Yoast SEO plugin. -->","yoast_head_json":{"title":"Cimaise murale blanche 2 m\u00e8tres Philippe IV | MOM DESIGN","description":"D\u00e9couvrez notre cimaise murale blanche pour sublimer votre int\u00e9rieur avec style. Installation facile, livraison et retours gratuits. Disponible \u00e0 prix r\u00e9duit exclusivement chez MOM DESIGN. Ne manquez pas l'occasion d'embellir vos murs !","robots":{"index":"index","follow":"follow","max-snippet":"max-snippet:-1","max-image-preview":"max-image-preview:large","max-video-preview":"max-video-preview:-1"},"canonical":"https:\/\/mom-design.com\/nl\/produit\/cimaises-1\/","og_locale":"nl_NL","og_type":"article","og_title":"Cimaise murale blanche 2 m\u00e8tres Philippe IV | MOM DESIGN","og_description":"D\u00e9couvrez notre cimaise murale blanche pour sublimer votre int\u00e9rieur avec style. Installation facile, livraison et retours gratuits. Disponible \u00e0 prix r\u00e9duit exclusivement chez MOM DESIGN. Ne manquez pas l'occasion d'embellir vos murs !","og_url":"https:\/\/mom-design.com\/nl\/produit\/cimaises-1\/","og_site_name":"MOM DESIGN","article_modified_time":"2025-09-29T11:38:06+00:00","og_image":[{"width":718,"height":538,"url":"https:\/\/mom-design.com\/wp-content\/uploads\/2024\/07\/cimaise-mom-design-C1.jpeg","type":"image\/jpeg"}],"twitter_card":"summary_large_image","twitter_misc":{"Geschatte leestijd":"2 minuten"},"schema":{"@context":"https:\/\/schema.org","@graph":[{"@type":"WebPage","@id":"https:\/\/mom-design.com\/nl\/produit\/cimaises-1\/","url":"https:\/\/mom-design.com\/nl\/produit\/cimaises-1\/","name":"Cimaise murale blanche 2 m\u00e8tres Philippe IV | MOM DESIGN","isPartOf":{"@id":"https:\/\/mom-design.com\/nl\/#website"},"primaryImageOfPage":{"@id":"https:\/\/mom-design.com\/nl\/produit\/cimaises-1\/#primaryimage"},"image":{"@id":"https:\/\/mom-design.com\/nl\/produit\/cimaises-1\/#primaryimage"},"thumbnailUrl":"https:\/\/mom-design.com\/wp-content\/uploads\/2024\/07\/cimaise-mom-design-C1.jpeg","datePublished":"2024-07-23T18:59:35+00:00","dateModified":"2025-09-29T11:38:06+00:00","description":"D\u00e9couvrez notre cimaise murale blanche pour sublimer votre int\u00e9rieur avec style. Installation facile, livraison et retours gratuits. Disponible \u00e0 prix r\u00e9duit exclusivement chez MOM DESIGN. Ne manquez pas l'occasion d'embellir vos murs !","breadcrumb":{"@id":"https:\/\/mom-design.com\/nl\/produit\/cimaises-1\/#breadcrumb"},"inLanguage":"nl-NL","potentialAction":[{"@type":"ReadAction","target":["https:\/\/mom-design.com\/nl\/produit\/cimaises-1\/"]}]},{"@type":"ImageObject","inLanguage":"nl-NL","@id":"https:\/\/mom-design.com\/nl\/produit\/cimaises-1\/#primaryimage","url":"https:\/\/mom-design.com\/wp-content\/uploads\/2024\/07\/cimaise-mom-design-C1.jpeg","contentUrl":"https:\/\/mom-design.com\/wp-content\/uploads\/2024\/07\/cimaise-mom-design-C1.jpeg","width":718,"height":538,"caption":"cimaise mom design C1"},{"@type":"BreadcrumbList","@id":"https:\/\/mom-design.com\/nl\/produit\/cimaises-1\/#breadcrumb","itemListElement":[{"@type":"ListItem","position":1,"name":"D\u00e9coration murale d\u2019int\u00e9rieur","item":"https:\/\/mom-design.com\/de\/"},{"@type":"ListItem","position":2,"name":"Cimaise murale blanche 2 m\u00e8tres Philippe IV"}]},{"@type":"WebSite","@id":"https:\/\/mom-design.com\/nl\/#website","url":"https:\/\/mom-design.com\/nl\/","name":"MAMA DESIGN","description":"Sp\u00e9cialiste du design mural d'int\u00e9rieur","potentialAction":[{"@type":"SearchAction","target":{"@type":"EntryPoint","urlTemplate":"https:\/\/mom-design.com\/nl\/?s={search_term_string}"},"query-input":{"@type":"PropertyValueSpecification","valueRequired":true,"valueName":"search_term_string"}}],"inLanguage":"nl-NL"}]}},"_links":{"self":[{"href":"https:\/\/mom-design.com\/nl\/wp-json\/wp\/v2\/product\/6665","targetHints":{"allow":["GET"]}}],"collection":[{"href":"https:\/\/mom-design.com\/nl\/wp-json\/wp\/v2\/product"}],"about":[{"href":"https:\/\/mom-design.com\/nl\/wp-json\/wp\/v2\/types\/product"}],"replies":[{"embeddable":true,"href":"https:\/\/mom-design.com\/nl\/wp-json\/wp\/v2\/comments?post=6665"}],"wp:featuredmedia":[{"embeddable":true,"href":"https:\/\/mom-design.com\/nl\/wp-json\/wp\/v2\/media\/7249"}],"wp:attachment":[{"href":"https:\/\/mom-design.com\/nl\/wp-json\/wp\/v2\/media?parent=6665"}],"wp:term":[{"taxonomy":"product_brand","embeddable":true,"href":"https:\/\/mom-design.com\/nl\/wp-json\/wp\/v2\/product_brand?post=6665"},{"taxonomy":"product_cat","embeddable":true,"href":"https:\/\/mom-design.com\/nl\/wp-json\/wp\/v2\/product_cat?post=6665"},{"taxonomy":"product_tag","embeddable":true,"href":"https:\/\/mom-design.com\/nl\/wp-json\/wp\/v2\/product_tag?post=6665"}],"curies":[{"name":"wp","href":"https:\/\/api.w.org\/{rel}","templated":true}]}}