{"id":6666,"date":"2024-07-23T21:00:18","date_gmt":"2024-07-23T19:00:18","guid":{"rendered":"https:\/\/mom-design.com\/?post_type=product&#038;p=6666"},"modified":"2025-07-22T20:24:49","modified_gmt":"2025-07-22T18:24:49","slug":"cimaise-murale-blanche-2","status":"publish","type":"product","link":"https:\/\/mom-design.com\/nl\/produit\/cimaises-2\/","title":{"rendered":"Witte wandrail 2 meter Philippe III"},"content":{"rendered":"<h4>\u00a0 \u00a0 \u00a0 \u00a0 \u00a0 \u00a0 \u00a0 \u00a0 <span style=\"text-decoration: underline;\">Kenmerken :<\/span><\/h4>\n<p>&#8211; <span style=\"text-decoration: underline;\">Kleur<\/span> : wit<br \/>\n\u2013 Eenvoudig te installeren<br \/>\n\u2013 Leverbaar met diverse montage accessoires<\/p>\n<h4>\u00a0 \u00a0 \u00a0 \u00a0 \u00a0 \u00a0 \u00a0 <span style=\"text-decoration: underline;\">Een elegante oplossing voor het exposeren van je werk<\/span><\/h4>\n<p><strong>Kiezen voor ons <a href=\"https:\/\/mom-design.com\/nl\/product\/cimaises-1\/\">de bovenste muur wit<\/a><\/strong> om je<strong> tabellen<\/strong>, <strong>foto &#039; s<\/strong> of <strong>illustraties<\/strong> terwijl het handhaven van een chique interieur en strak. Dank u <strong>kleur wit<\/strong>ze ziet maria harmonieus met <strong>alle stijlen van inrichting<\/strong>. Mag je een modern of traditioneel, dat zich eenvoudig aanpast aan de ruimte.<\/p>\n<h4>\u00a0 \u00a0 \u00a0 \u00a0 \u00a0 \u00a0 \u00a0 <span style=\"text-decoration: underline;\">Eenvoudige, flexibele Installatie<\/span><\/h4>\n<p>De installatie van deze muurschildering wit<strong> snel en eenvoudig<\/strong>dat maakt het een ideale oplossing voor degenen die willen een berg zonder inspanning. Het is vier met alle benodigde accessoires om te <strong>een secure bevestiging<\/strong>zorgt voor een optimale stabiliteit voor uw boeken. Daarnaast is de mogelijkheid om gemakkelijk los te maken kaders en tabellen kunt u uw inrichting volgens uw zendingen, of nieuwe aankopen.<\/p>\n<h4>\u00a0 \u00a0 \u00a0 \u00a0 \u00a0 \u00a0 \u00a0 <span style=\"text-decoration: underline;\">Veelzijdigheid en aanpassingsvermogen<\/span><\/h4>\n<p><strong>Dit model <a href=\"https:\/\/mom-design.com\/nl\/product\/cimaises-2\/\">boven de muur<\/a> niet alleen esthetisch, maar ook zeer functioneel.<\/strong> Het staat u op te schorten meerdere frames tegelijk, ook het bieden van grote flexibiliteit in de indeling van uw muur decor. Of het voor een <strong>thuis of professioneel gebruik<\/strong>als in de kunstgaleries of kantoren, deze top voldoet aan alle van de exposities van de tentoonstelling.<\/p>\n<h4>\u00a0 \u00a0 \u00a0 \u00a0 \u00a0 \u00a0 \u00a0 <span style=\"text-decoration: underline;\">Top kwaliteit home MOM ONTWERP<\/span><\/h4>\n<p><a href=\"https:\/\/mom-design.com\/nl\/plinthes\/\"><strong>In MAMA DESIGN<\/strong><\/a>we zijn toegewijd nu in de ontwikkeling van hoge-kwaliteit producten. Door te kiezen voor onze topise, je krijgt dedicated customer service, deskundig advies in een wand decoratie, en met onze speciale aanbiedingen <strong>Gratis verzending en gratis terug<\/strong>. Deze aanbieding is exclusief verkrijgbaar op onze website, en is beschikbaar voor de mogelijkheid om superformaat uw ruimte met onze elegante oplossingen en werkwijzen.<\/p>","protected":false},"excerpt":{"rendered":"<p><strong>Dit <a href=\"https:\/\/mom-design.com\/nl\/cimaises\/\">de bovenste muur wit<\/a>,<\/strong> Met neutrale kleuren en elegante, het is ideaal om op te hangen en presenteren van kunstwerken en favoriete foto &#039; s. Gemakkelijk te installeren, hij past zich perfect aan alle soorten van interieur of het nu modern of klassiek. Een praktisch product design en esthetiek die u toelaat om gemakkelijk verlengen van uw muur decor.<\/p>","protected":false},"featured_media":7250,"comment_status":"open","ping_status":"closed","template":"","meta":{"_acf_changed":false},"product_brand":[],"product_cat":[52],"product_tag":[],"class_list":{"0":"post-6666","1":"product","2":"type-product","3":"status-publish","4":"has-post-thumbnail","6":"product_cat-cimaises","7":"product_shipping_class-livraison-gls","9":"first","10":"instock","11":"taxable","12":"shipping-taxable","13":"purchasable","14":"product-type-simple","15":"add-to-wishlist-after_add_to_cart"},"acf":[],"yoast_head":"<!-- This site is optimized with the Yoast SEO plugin v27.0 - https:\/\/yoast.com\/product\/yoast-seo-wordpress\/ -->\n<title>Cimaise murale blanche 2 m\u00e8tres Philippe III | MOM DESIGN<\/title>\n<meta name=\"description\" content=\"D\u00e9couvrez notre cimaise murale blanche, parfaite pour exposer vos \u0153uvres avec \u00e9l\u00e9gance. Installation facile, avec livraison et retours gratuits chez MOM DESIGN. Profitez-en d\u00e8s maintenant pour transformer votre int\u00e9rieur.\" \/>\n<meta name=\"robots\" content=\"index, follow, max-snippet:-1, max-image-preview:large, max-video-preview:-1\" \/>\n<link rel=\"canonical\" href=\"https:\/\/mom-design.com\/nl\/produit\/cimaises-2\/\" \/>\n<meta property=\"og:locale\" content=\"nl_NL\" \/>\n<meta property=\"og:type\" content=\"article\" \/>\n<meta property=\"og:title\" content=\"Cimaise murale blanche 2 m\u00e8tres Philippe III | MOM DESIGN\" \/>\n<meta property=\"og:description\" content=\"D\u00e9couvrez notre cimaise murale blanche, parfaite pour exposer vos \u0153uvres avec \u00e9l\u00e9gance. Installation facile, avec livraison et retours gratuits chez MOM DESIGN. Profitez-en d\u00e8s maintenant pour transformer votre int\u00e9rieur.\" \/>\n<meta property=\"og:url\" content=\"https:\/\/mom-design.com\/nl\/produit\/cimaises-2\/\" \/>\n<meta property=\"og:site_name\" content=\"MOM DESIGN\" \/>\n<meta property=\"article:modified_time\" content=\"2025-07-22T18:24:49+00:00\" \/>\n<meta property=\"og:image\" content=\"https:\/\/mom-design.com\/wp-content\/uploads\/2024\/07\/cimaise-mom-design-C2.jpeg\" \/>\n\t<meta property=\"og:image:width\" content=\"718\" \/>\n\t<meta property=\"og:image:height\" content=\"538\" \/>\n\t<meta property=\"og:image:type\" content=\"image\/jpeg\" \/>\n<meta name=\"twitter:card\" content=\"summary_large_image\" \/>\n<meta name=\"twitter:label1\" content=\"Geschatte leestijd\" \/>\n\t<meta name=\"twitter:data1\" content=\"2 minuten\" \/>\n<script type=\"application\/ld+json\" class=\"yoast-schema-graph\">{\"@context\":\"https:\/\/schema.org\",\"@graph\":[{\"@type\":\"WebPage\",\"@id\":\"https:\/\/mom-design.com\/nl\/produit\/cimaises-2\/\",\"url\":\"https:\/\/mom-design.com\/nl\/produit\/cimaises-2\/\",\"name\":\"Cimaise murale blanche 2 m\u00e8tres Philippe III | MOM DESIGN\",\"isPartOf\":{\"@id\":\"https:\/\/mom-design.com\/nl\/#website\"},\"primaryImageOfPage\":{\"@id\":\"https:\/\/mom-design.com\/nl\/produit\/cimaises-2\/#primaryimage\"},\"image\":{\"@id\":\"https:\/\/mom-design.com\/nl\/produit\/cimaises-2\/#primaryimage\"},\"thumbnailUrl\":\"https:\/\/mom-design.com\/wp-content\/uploads\/2024\/07\/cimaise-mom-design-C2.jpeg\",\"datePublished\":\"2024-07-23T19:00:18+00:00\",\"dateModified\":\"2025-07-22T18:24:49+00:00\",\"description\":\"D\u00e9couvrez notre cimaise murale blanche, parfaite pour exposer vos \u0153uvres avec \u00e9l\u00e9gance. Installation facile, avec livraison et retours gratuits chez MOM DESIGN. Profitez-en d\u00e8s maintenant pour transformer votre int\u00e9rieur.\",\"breadcrumb\":{\"@id\":\"https:\/\/mom-design.com\/nl\/produit\/cimaises-2\/#breadcrumb\"},\"inLanguage\":\"nl-NL\",\"potentialAction\":[{\"@type\":\"ReadAction\",\"target\":[\"https:\/\/mom-design.com\/nl\/produit\/cimaises-2\/\"]}]},{\"@type\":\"ImageObject\",\"inLanguage\":\"nl-NL\",\"@id\":\"https:\/\/mom-design.com\/nl\/produit\/cimaises-2\/#primaryimage\",\"url\":\"https:\/\/mom-design.com\/wp-content\/uploads\/2024\/07\/cimaise-mom-design-C2.jpeg\",\"contentUrl\":\"https:\/\/mom-design.com\/wp-content\/uploads\/2024\/07\/cimaise-mom-design-C2.jpeg\",\"width\":718,\"height\":538,\"caption\":\"cimaise mom design C2 blanche\"},{\"@type\":\"BreadcrumbList\",\"@id\":\"https:\/\/mom-design.com\/nl\/produit\/cimaises-2\/#breadcrumb\",\"itemListElement\":[{\"@type\":\"ListItem\",\"position\":1,\"name\":\"D\u00e9coration murale d\u2019int\u00e9rieur\",\"item\":\"https:\/\/mom-design.com\/de\/\"},{\"@type\":\"ListItem\",\"position\":2,\"name\":\"Cimaise murale blanche 2 m\u00e8tres Philippe III\"}]},{\"@type\":\"WebSite\",\"@id\":\"https:\/\/mom-design.com\/nl\/#website\",\"url\":\"https:\/\/mom-design.com\/nl\/\",\"name\":\"MOM DESIGN\",\"description\":\"Sp\u00e9cialiste du design mural d&#039;int\u00e9rieur\",\"potentialAction\":[{\"@type\":\"SearchAction\",\"target\":{\"@type\":\"EntryPoint\",\"urlTemplate\":\"https:\/\/mom-design.com\/nl\/?s={search_term_string}\"},\"query-input\":{\"@type\":\"PropertyValueSpecification\",\"valueRequired\":true,\"valueName\":\"search_term_string\"}}],\"inLanguage\":\"nl-NL\"}]}<\/script>\n<!-- \/ Yoast SEO plugin. -->","yoast_head_json":{"title":"Cimaise murale blanche 2 m\u00e8tres Philippe III | MOM DESIGN","description":"D\u00e9couvrez notre cimaise murale blanche, parfaite pour exposer vos \u0153uvres avec \u00e9l\u00e9gance. Installation facile, avec livraison et retours gratuits chez MOM DESIGN. Profitez-en d\u00e8s maintenant pour transformer votre int\u00e9rieur.","robots":{"index":"index","follow":"follow","max-snippet":"max-snippet:-1","max-image-preview":"max-image-preview:large","max-video-preview":"max-video-preview:-1"},"canonical":"https:\/\/mom-design.com\/nl\/produit\/cimaises-2\/","og_locale":"nl_NL","og_type":"article","og_title":"Cimaise murale blanche 2 m\u00e8tres Philippe III | MOM DESIGN","og_description":"D\u00e9couvrez notre cimaise murale blanche, parfaite pour exposer vos \u0153uvres avec \u00e9l\u00e9gance. Installation facile, avec livraison et retours gratuits chez MOM DESIGN. Profitez-en d\u00e8s maintenant pour transformer votre int\u00e9rieur.","og_url":"https:\/\/mom-design.com\/nl\/produit\/cimaises-2\/","og_site_name":"MOM DESIGN","article_modified_time":"2025-07-22T18:24:49+00:00","og_image":[{"width":718,"height":538,"url":"https:\/\/mom-design.com\/wp-content\/uploads\/2024\/07\/cimaise-mom-design-C2.jpeg","type":"image\/jpeg"}],"twitter_card":"summary_large_image","twitter_misc":{"Geschatte leestijd":"2 minuten"},"schema":{"@context":"https:\/\/schema.org","@graph":[{"@type":"WebPage","@id":"https:\/\/mom-design.com\/nl\/produit\/cimaises-2\/","url":"https:\/\/mom-design.com\/nl\/produit\/cimaises-2\/","name":"Cimaise murale blanche 2 m\u00e8tres Philippe III | MOM DESIGN","isPartOf":{"@id":"https:\/\/mom-design.com\/nl\/#website"},"primaryImageOfPage":{"@id":"https:\/\/mom-design.com\/nl\/produit\/cimaises-2\/#primaryimage"},"image":{"@id":"https:\/\/mom-design.com\/nl\/produit\/cimaises-2\/#primaryimage"},"thumbnailUrl":"https:\/\/mom-design.com\/wp-content\/uploads\/2024\/07\/cimaise-mom-design-C2.jpeg","datePublished":"2024-07-23T19:00:18+00:00","dateModified":"2025-07-22T18:24:49+00:00","description":"D\u00e9couvrez notre cimaise murale blanche, parfaite pour exposer vos \u0153uvres avec \u00e9l\u00e9gance. Installation facile, avec livraison et retours gratuits chez MOM DESIGN. Profitez-en d\u00e8s maintenant pour transformer votre int\u00e9rieur.","breadcrumb":{"@id":"https:\/\/mom-design.com\/nl\/produit\/cimaises-2\/#breadcrumb"},"inLanguage":"nl-NL","potentialAction":[{"@type":"ReadAction","target":["https:\/\/mom-design.com\/nl\/produit\/cimaises-2\/"]}]},{"@type":"ImageObject","inLanguage":"nl-NL","@id":"https:\/\/mom-design.com\/nl\/produit\/cimaises-2\/#primaryimage","url":"https:\/\/mom-design.com\/wp-content\/uploads\/2024\/07\/cimaise-mom-design-C2.jpeg","contentUrl":"https:\/\/mom-design.com\/wp-content\/uploads\/2024\/07\/cimaise-mom-design-C2.jpeg","width":718,"height":538,"caption":"cimaise mom design C2 blanche"},{"@type":"BreadcrumbList","@id":"https:\/\/mom-design.com\/nl\/produit\/cimaises-2\/#breadcrumb","itemListElement":[{"@type":"ListItem","position":1,"name":"D\u00e9coration murale d\u2019int\u00e9rieur","item":"https:\/\/mom-design.com\/de\/"},{"@type":"ListItem","position":2,"name":"Cimaise murale blanche 2 m\u00e8tres Philippe III"}]},{"@type":"WebSite","@id":"https:\/\/mom-design.com\/nl\/#website","url":"https:\/\/mom-design.com\/nl\/","name":"MAMA DESIGN","description":"Sp\u00e9cialiste du design mural d'int\u00e9rieur","potentialAction":[{"@type":"SearchAction","target":{"@type":"EntryPoint","urlTemplate":"https:\/\/mom-design.com\/nl\/?s={search_term_string}"},"query-input":{"@type":"PropertyValueSpecification","valueRequired":true,"valueName":"search_term_string"}}],"inLanguage":"nl-NL"}]}},"_links":{"self":[{"href":"https:\/\/mom-design.com\/nl\/wp-json\/wp\/v2\/product\/6666","targetHints":{"allow":["GET"]}}],"collection":[{"href":"https:\/\/mom-design.com\/nl\/wp-json\/wp\/v2\/product"}],"about":[{"href":"https:\/\/mom-design.com\/nl\/wp-json\/wp\/v2\/types\/product"}],"replies":[{"embeddable":true,"href":"https:\/\/mom-design.com\/nl\/wp-json\/wp\/v2\/comments?post=6666"}],"wp:featuredmedia":[{"embeddable":true,"href":"https:\/\/mom-design.com\/nl\/wp-json\/wp\/v2\/media\/7250"}],"wp:attachment":[{"href":"https:\/\/mom-design.com\/nl\/wp-json\/wp\/v2\/media?parent=6666"}],"wp:term":[{"taxonomy":"product_brand","embeddable":true,"href":"https:\/\/mom-design.com\/nl\/wp-json\/wp\/v2\/product_brand?post=6666"},{"taxonomy":"product_cat","embeddable":true,"href":"https:\/\/mom-design.com\/nl\/wp-json\/wp\/v2\/product_cat?post=6666"},{"taxonomy":"product_tag","embeddable":true,"href":"https:\/\/mom-design.com\/nl\/wp-json\/wp\/v2\/product_tag?post=6666"}],"curies":[{"name":"wp","href":"https:\/\/api.w.org\/{rel}","templated":true}]}}