{"id":6687,"date":"2024-07-23T21:10:51","date_gmt":"2024-07-23T19:10:51","guid":{"rendered":"https:\/\/mom-design.com\/?post_type=product&#038;p=6687"},"modified":"2025-09-08T11:21:42","modified_gmt":"2025-09-08T09:21:42","slug":"plaque-marbre-en-pvc-2","status":"publish","type":"product","link":"https:\/\/mom-design.com\/nl\/produit\/revetement-mural-11\/","title":{"rendered":"Wit glanzende marmeren plaquette in pvc 2,40 m x 1,20 m"},"content":{"rendered":"<h4>\u00a0 \u00a0 \u00a0 \u00a0 \u00a0 \u00a0 \u00a0 \u00a0 \u00a0 \u00a0 \u00a0 \u00a0 \u00a0 <span style=\"text-decoration: underline;\">Kenmerken :<\/span><\/h4>\n<p>&#8211; <span style=\"text-decoration: underline;\">Materiaal<\/span> : PVC imitatie-marmeren<br \/>\n&#8211; <span style=\"text-decoration: underline;\">Onderhoud<\/span> : snel en eenvoudig, vlekbestendig<br \/>\n&#8211; <span style=\"text-decoration: underline;\">Gebruik<\/span> wand decoratie, werk plannen, meubels<\/p>\n<h4>\u00a0 \u00a0 \u00a0 \u00a0 \u00a0 \u00a0 \u00a0 \u00a0 \u00a0 \u00a0 \u00a0 \u00a0 \u00a0 <span style=\"text-decoration: underline;\">Esthetisch Verfijnde en Moderne<\/span><\/h4>\n<p><strong>Word lid van onze <a href=\"https:\/\/mom-design.com\/nl\/product\/revetement-mural-12\/\">plaat marmer PVC<\/a><\/strong> te brengen <strong>een stukje verfijning toe aan uw ruimte<\/strong>. Met de afwerking die bootst perfect het marmer, het integreert harmonieus in elke<strong> type van decoratie<\/strong>voor een eigentijdse stijl of klassiek. Dankzij de productie van PVC, het biedt<strong> niet alleen een <a href=\"https:\/\/mom-design.com\/nl\/product\/plinthes-2\/\">luxe esthetische<\/a><\/strong>maar ook een lichtheid en weerstand te vergemakkelijken van de installatie. U kunt dress-up van uw wanden of oppervlakken snel, en zonder het gedoe en de kosten in verband met de marmeren echt.<\/p>\n<h4>\u00a0 \u00a0 \u00a0 \u00a0 \u00a0 \u00a0 \u00a0 \u00a0 \u00a0 \u00a0 \u00a0 \u00a0 \u00a0<span style=\"text-decoration: underline;\">Eenvoudige Installatie en Veelzijdig<\/span><\/h4>\n<p>Installeer deze marmeren plaat PVC is een eitje. Ontworpen om lichtgewicht en handig, <strong>het hecht gemakkelijk op een verscheidenheid van oppervlakken<\/strong>. Daarnaast zijn flexibiliteit kunt u passen perfect op uw specifieke behoeften, of het deksel hele muren of voor het maken van decoratieve accenten. Dus, dit all-purpose plaat is ideaal voor degenen die wensen om veranderingen snel en effectief aan hun interieur.<\/p>\n<h4>\u00a0 \u00a0 \u00a0 \u00a0 \u00a0 \u00a0 \u00a0 \u00a0 \u00a0 \u00a0 \u00a0 \u00a0 \u00a0 <span style=\"text-decoration: underline;\">Onderhoud zorgeloos<\/span><\/h4>\n<p>Door te kiezen voor een marmeren plaat PVC, kunt u ook kiezen voor het gemak. In tegenstelling tot natuurlijke marmer, deze plaat is behoeft geen onderhoud. Een simpele pass met <strong>een vochtige doek is voldoende om te voorkomen dat zijn glans<\/strong>. Daarnaast is de weerstand tegen vlekken en krassen maakt het een perfecte keuze voor ruimtes zoals de keuken en de badkamer. U zult genieten van de elegantie van marmer, zonder het gedoe van onderhoud.<\/p>\n<h4>\u00a0 \u00a0 \u00a0 \u00a0 \u00a0 \u00a0 \u00a0 \u00a0 \u00a0 \u00a0 \u00a0 \u00a0 \u00a0 <span style=\"text-decoration: underline;\">In MAMA DESIGN, Elegantie aan uw Vingertoppen<\/span><\/h4>\n<p><a href=\"https:\/\/mom-design.com\/nl\/cimaises\/\"><strong>In MAMA DESIGN<\/strong><\/a>wij zijn toegewijd om de kwaliteit van de producten die de combinatie van esthetiek en functionaliteit. <strong>De marmeren plaat PVC<\/strong> is een uitstekend voorbeeld van onze toewijding aan innovatie en klanttevredenheid. <strong>Beschikbaar tegen een concurrerende prijs<\/strong>ze wordt begeleid door onze service <strong>levering en gratis retourzending<\/strong>. Mis deze kans niet voor het transformeren van uw ruimtes een elegante en voordelig.<br \/>\n<strong>Bestel vandaag nog en ontdek waarom zoveel klanten vertrouwen MOEDER DESIGN voor het versieren van hun behoeften.<\/strong><\/p>","protected":false},"excerpt":{"rendered":"<p><a href=\"https:\/\/mom-design.com\/nl\/revetement-mural\/\"><strong>De marmeren plaat PVC<\/strong><\/a> allie l&rsquo;\u00e9l\u00e9gance du marbre \u00e0 la praticit\u00e9 du PVC. Facile \u00e0 installer. Id\u00e9ale pour les murs et les surfaces d\u00e9coratives, cette plaque l\u00e9g\u00e8re et r\u00e9sistante est parfaite pour transformer n&rsquo;importe quel espace avec un minimum d&rsquo;effort.<\/p>","protected":false},"featured_media":7400,"comment_status":"open","ping_status":"closed","template":"","meta":{"_acf_changed":false},"product_brand":[],"product_cat":[15],"product_tag":[],"class_list":{"0":"post-6687","1":"product","2":"type-product","3":"status-publish","4":"has-post-thumbnail","6":"product_cat-revetement-mural","8":"first","9":"outofstock","10":"taxable","11":"shipping-taxable","12":"purchasable","13":"product-type-simple","14":"add-to-wishlist-after_add_to_cart"},"acf":[],"yoast_head":"<!-- This site is optimized with the Yoast SEO plugin v27.0 - https:\/\/yoast.com\/product\/yoast-seo-wordpress\/ -->\n<title>Plaque marbre en Blanc brillant en pvc 2,40 m x 1,20 m | MOM DESIGN<\/title>\n<meta name=\"description\" content=\"D\u00e9couvrez la plaque marbre en PVC, une solution \u00e9l\u00e9gante et durable pour vos projets de d\u00e9coration. Commandez maintenant avec livraison et retours gratuits et transformez vos espaces \u00e0 petit prix.\" \/>\n<meta name=\"robots\" content=\"index, follow, max-snippet:-1, max-image-preview:large, max-video-preview:-1\" \/>\n<link rel=\"canonical\" href=\"https:\/\/mom-design.com\/nl\/produit\/revetement-mural-11\/\" \/>\n<meta property=\"og:locale\" content=\"nl_NL\" \/>\n<meta property=\"og:type\" content=\"article\" \/>\n<meta property=\"og:title\" content=\"Plaque marbre en Blanc brillant en pvc 2,40 m x 1,20 m | MOM DESIGN\" \/>\n<meta property=\"og:description\" content=\"D\u00e9couvrez la plaque marbre en PVC, une solution \u00e9l\u00e9gante et durable pour vos projets de d\u00e9coration. Commandez maintenant avec livraison et retours gratuits et transformez vos espaces \u00e0 petit prix.\" \/>\n<meta property=\"og:url\" content=\"https:\/\/mom-design.com\/nl\/produit\/revetement-mural-11\/\" \/>\n<meta property=\"og:site_name\" content=\"MOM DESIGN\" \/>\n<meta property=\"article:modified_time\" content=\"2025-09-08T09:21:42+00:00\" \/>\n<meta property=\"og:image\" content=\"https:\/\/mom-design.com\/wp-content\/uploads\/2024\/07\/Unknown-14.jpg\" \/>\n\t<meta property=\"og:image:width\" content=\"736\" \/>\n\t<meta property=\"og:image:height\" content=\"761\" \/>\n\t<meta property=\"og:image:type\" content=\"image\/jpeg\" \/>\n<meta name=\"twitter:card\" content=\"summary_large_image\" \/>\n<meta name=\"twitter:label1\" content=\"Geschatte leestijd\" \/>\n\t<meta name=\"twitter:data1\" content=\"2 minuten\" \/>\n<script type=\"application\/ld+json\" class=\"yoast-schema-graph\">{\"@context\":\"https:\/\/schema.org\",\"@graph\":[{\"@type\":\"WebPage\",\"@id\":\"https:\/\/mom-design.com\/nl\/produit\/revetement-mural-11\/\",\"url\":\"https:\/\/mom-design.com\/nl\/produit\/revetement-mural-11\/\",\"name\":\"Plaque marbre en Blanc brillant en pvc 2,40 m x 1,20 m | MOM DESIGN\",\"isPartOf\":{\"@id\":\"https:\/\/mom-design.com\/nl\/#website\"},\"primaryImageOfPage\":{\"@id\":\"https:\/\/mom-design.com\/nl\/produit\/revetement-mural-11\/#primaryimage\"},\"image\":{\"@id\":\"https:\/\/mom-design.com\/nl\/produit\/revetement-mural-11\/#primaryimage\"},\"thumbnailUrl\":\"https:\/\/mom-design.com\/wp-content\/uploads\/2024\/07\/Unknown-14.jpg\",\"datePublished\":\"2024-07-23T19:10:51+00:00\",\"dateModified\":\"2025-09-08T09:21:42+00:00\",\"description\":\"D\u00e9couvrez la plaque marbre en PVC, une solution \u00e9l\u00e9gante et durable pour vos projets de d\u00e9coration. Commandez maintenant avec livraison et retours gratuits et transformez vos espaces \u00e0 petit prix.\",\"breadcrumb\":{\"@id\":\"https:\/\/mom-design.com\/nl\/produit\/revetement-mural-11\/#breadcrumb\"},\"inLanguage\":\"nl-NL\",\"potentialAction\":[{\"@type\":\"ReadAction\",\"target\":[\"https:\/\/mom-design.com\/nl\/produit\/revetement-mural-11\/\"]}]},{\"@type\":\"ImageObject\",\"inLanguage\":\"nl-NL\",\"@id\":\"https:\/\/mom-design.com\/nl\/produit\/revetement-mural-11\/#primaryimage\",\"url\":\"https:\/\/mom-design.com\/wp-content\/uploads\/2024\/07\/Unknown-14.jpg\",\"contentUrl\":\"https:\/\/mom-design.com\/wp-content\/uploads\/2024\/07\/Unknown-14.jpg\",\"width\":736,\"height\":761},{\"@type\":\"BreadcrumbList\",\"@id\":\"https:\/\/mom-design.com\/nl\/produit\/revetement-mural-11\/#breadcrumb\",\"itemListElement\":[{\"@type\":\"ListItem\",\"position\":1,\"name\":\"D\u00e9coration murale d\u2019int\u00e9rieur\",\"item\":\"https:\/\/mom-design.com\/de\/\"},{\"@type\":\"ListItem\",\"position\":2,\"name\":\"Plaque marbre en Blanc brillant en pvc 2,40 m x 1,20 m\"}]},{\"@type\":\"WebSite\",\"@id\":\"https:\/\/mom-design.com\/nl\/#website\",\"url\":\"https:\/\/mom-design.com\/nl\/\",\"name\":\"MOM DESIGN\",\"description\":\"Sp\u00e9cialiste du design mural d&#039;int\u00e9rieur\",\"potentialAction\":[{\"@type\":\"SearchAction\",\"target\":{\"@type\":\"EntryPoint\",\"urlTemplate\":\"https:\/\/mom-design.com\/nl\/?s={search_term_string}\"},\"query-input\":{\"@type\":\"PropertyValueSpecification\",\"valueRequired\":true,\"valueName\":\"search_term_string\"}}],\"inLanguage\":\"nl-NL\"}]}<\/script>\n<!-- \/ Yoast SEO plugin. -->","yoast_head_json":{"title":"Plaque marbre en Blanc brillant en pvc 2,40 m x 1,20 m | MOM DESIGN","description":"D\u00e9couvrez la plaque marbre en PVC, une solution \u00e9l\u00e9gante et durable pour vos projets de d\u00e9coration. Commandez maintenant avec livraison et retours gratuits et transformez vos espaces \u00e0 petit prix.","robots":{"index":"index","follow":"follow","max-snippet":"max-snippet:-1","max-image-preview":"max-image-preview:large","max-video-preview":"max-video-preview:-1"},"canonical":"https:\/\/mom-design.com\/nl\/produit\/revetement-mural-11\/","og_locale":"nl_NL","og_type":"article","og_title":"Plaque marbre en Blanc brillant en pvc 2,40 m x 1,20 m | MOM DESIGN","og_description":"D\u00e9couvrez la plaque marbre en PVC, une solution \u00e9l\u00e9gante et durable pour vos projets de d\u00e9coration. Commandez maintenant avec livraison et retours gratuits et transformez vos espaces \u00e0 petit prix.","og_url":"https:\/\/mom-design.com\/nl\/produit\/revetement-mural-11\/","og_site_name":"MOM DESIGN","article_modified_time":"2025-09-08T09:21:42+00:00","og_image":[{"width":736,"height":761,"url":"https:\/\/mom-design.com\/wp-content\/uploads\/2024\/07\/Unknown-14.jpg","type":"image\/jpeg"}],"twitter_card":"summary_large_image","twitter_misc":{"Geschatte leestijd":"2 minuten"},"schema":{"@context":"https:\/\/schema.org","@graph":[{"@type":"WebPage","@id":"https:\/\/mom-design.com\/nl\/produit\/revetement-mural-11\/","url":"https:\/\/mom-design.com\/nl\/produit\/revetement-mural-11\/","name":"Plaque marbre en Blanc brillant en pvc 2,40 m x 1,20 m | MOM DESIGN","isPartOf":{"@id":"https:\/\/mom-design.com\/nl\/#website"},"primaryImageOfPage":{"@id":"https:\/\/mom-design.com\/nl\/produit\/revetement-mural-11\/#primaryimage"},"image":{"@id":"https:\/\/mom-design.com\/nl\/produit\/revetement-mural-11\/#primaryimage"},"thumbnailUrl":"https:\/\/mom-design.com\/wp-content\/uploads\/2024\/07\/Unknown-14.jpg","datePublished":"2024-07-23T19:10:51+00:00","dateModified":"2025-09-08T09:21:42+00:00","description":"D\u00e9couvrez la plaque marbre en PVC, une solution \u00e9l\u00e9gante et durable pour vos projets de d\u00e9coration. Commandez maintenant avec livraison et retours gratuits et transformez vos espaces \u00e0 petit prix.","breadcrumb":{"@id":"https:\/\/mom-design.com\/nl\/produit\/revetement-mural-11\/#breadcrumb"},"inLanguage":"nl-NL","potentialAction":[{"@type":"ReadAction","target":["https:\/\/mom-design.com\/nl\/produit\/revetement-mural-11\/"]}]},{"@type":"ImageObject","inLanguage":"nl-NL","@id":"https:\/\/mom-design.com\/nl\/produit\/revetement-mural-11\/#primaryimage","url":"https:\/\/mom-design.com\/wp-content\/uploads\/2024\/07\/Unknown-14.jpg","contentUrl":"https:\/\/mom-design.com\/wp-content\/uploads\/2024\/07\/Unknown-14.jpg","width":736,"height":761},{"@type":"BreadcrumbList","@id":"https:\/\/mom-design.com\/nl\/produit\/revetement-mural-11\/#breadcrumb","itemListElement":[{"@type":"ListItem","position":1,"name":"D\u00e9coration murale d\u2019int\u00e9rieur","item":"https:\/\/mom-design.com\/de\/"},{"@type":"ListItem","position":2,"name":"Plaque marbre en Blanc brillant en pvc 2,40 m x 1,20 m"}]},{"@type":"WebSite","@id":"https:\/\/mom-design.com\/nl\/#website","url":"https:\/\/mom-design.com\/nl\/","name":"MAMA DESIGN","description":"Sp\u00e9cialiste du design mural d'int\u00e9rieur","potentialAction":[{"@type":"SearchAction","target":{"@type":"EntryPoint","urlTemplate":"https:\/\/mom-design.com\/nl\/?s={search_term_string}"},"query-input":{"@type":"PropertyValueSpecification","valueRequired":true,"valueName":"search_term_string"}}],"inLanguage":"nl-NL"}]}},"_links":{"self":[{"href":"https:\/\/mom-design.com\/nl\/wp-json\/wp\/v2\/product\/6687","targetHints":{"allow":["GET"]}}],"collection":[{"href":"https:\/\/mom-design.com\/nl\/wp-json\/wp\/v2\/product"}],"about":[{"href":"https:\/\/mom-design.com\/nl\/wp-json\/wp\/v2\/types\/product"}],"replies":[{"embeddable":true,"href":"https:\/\/mom-design.com\/nl\/wp-json\/wp\/v2\/comments?post=6687"}],"wp:featuredmedia":[{"embeddable":true,"href":"https:\/\/mom-design.com\/nl\/wp-json\/wp\/v2\/media\/7400"}],"wp:attachment":[{"href":"https:\/\/mom-design.com\/nl\/wp-json\/wp\/v2\/media?parent=6687"}],"wp:term":[{"taxonomy":"product_brand","embeddable":true,"href":"https:\/\/mom-design.com\/nl\/wp-json\/wp\/v2\/product_brand?post=6687"},{"taxonomy":"product_cat","embeddable":true,"href":"https:\/\/mom-design.com\/nl\/wp-json\/wp\/v2\/product_cat?post=6687"},{"taxonomy":"product_tag","embeddable":true,"href":"https:\/\/mom-design.com\/nl\/wp-json\/wp\/v2\/product_tag?post=6687"}],"curies":[{"name":"wp","href":"https:\/\/api.w.org\/{rel}","templated":true}]}}