{"id":6688,"date":"2024-07-23T21:11:19","date_gmt":"2024-07-23T19:11:19","guid":{"rendered":"https:\/\/mom-design.com\/?post_type=product&#038;p=6688"},"modified":"2025-09-08T11:21:28","modified_gmt":"2025-09-08T09:21:28","slug":"plaque-marbre-en-pvc","status":"publish","type":"product","link":"https:\/\/mom-design.com\/nl\/produit\/revetement-mural-12\/","title":{"rendered":"Marmerplaat in lichtgrijze glans pvc 2,40 m x 1,20 m"},"content":{"rendered":"<h4>\u00a0 \u00a0 \u00a0 \u00a0 \u00a0 \u00a0 \u00a0 \u00a0 \u00a0 \u00a0 <span style=\"text-decoration: underline;\">Kenmerken :<\/span><\/h4>\n<p>&#8211; <span style=\"text-decoration: underline;\">Materiaal<\/span> : PVC imitatie-marmeren<br \/>\n&#8211; <span style=\"text-decoration: underline;\">Afmetingen<\/span> : aanpasbaar volgens uw behoeften<br \/>\n&#8211; <span style=\"text-decoration: underline;\">Het gemak van onderhoud<\/span> : eenvoudig te reinigen met een vochtige doek<br \/>\n&#8211; <span style=\"text-decoration: underline;\">Installatie<\/span> : snel en eenvoudig<br \/>\n&#8211; <span style=\"text-decoration: underline;\">Gebruik<\/span> : ideaal voor wanden, meubilair en decoratieve oppervlakken<\/p>\n<h4>\u00a0 \u00a0 \u00a0 \u00a0 \u00a0 \u00a0 \u00a0 \u00a0 \u00a0 <span style=\"text-decoration: underline;\">Een Ontwerp Imitatie Marmer voor een Geraffineerde Look<\/span><\/h4>\n<p><strong>De <a href=\"https:\/\/mom-design.com\/nl\/product\/plinthes-8\/\">plaat<\/a> marmeren PVC is ontworpen om te bieden een voordelig alternatief en praktische natuurlijk marmer<\/strong>met behoud van een authentieke uitstraling en verfijnd.<br \/>\nDe gladde afwerking en de realistische motieven na te bootsen perfect de steen, toe te voegen een vleugje elegantie toe aan uw interieur. Of te kleden-up van uw muren, het moderniseren van uw meubels of het maken van <strong>decoratieve accenten<\/strong>deze plaat is een veelzijdige keuze die past <strong>alle <a href=\"https:\/\/mom-design.com\/nl\/product\/plinthes-1\/\">stijlen en decoratie<\/a><\/strong>. Door te kiezen voor dit materiaal, krijgt u een <a href=\"https:\/\/mom-design.com\/nl\/product\/plinthes-12\/\"><strong>luxueuze look<\/strong><\/a> zonder de kosten en het onderhoud vereisten die verband houden met de marmeren echt.<\/p>\n<h4>\u00a0 \u00a0 \u00a0 \u00a0 \u00a0 \u00a0 \u00a0 \u00a0 \u00a0 \u00a0 \u00a0<span style=\"text-decoration: underline;\">De installatie en het Onderhoud Vereenvoudigd<\/span><\/h4>\n<p>De installatie van deze plaat <strong>eenvoudig<\/strong> en <strong>snel<\/strong>die kunt u bij het transformeren van uw ruimte in een mum van tijd. Daarnaast <strong>het onderhoud vraagt geen bijzondere inspanning<\/strong> : een eenvoudige vochtige doek is voldoende om het stof te verwijderen en sporen, garanderen een kijkje altijd onberispelijk. Daarnaast is de weerstand tegen krassen en vocht maakt het een ideale keuze voor <strong>keuken<\/strong> en <strong>badkamer<\/strong>waar de esthetiek en functionaliteit hand in hand gaan.<\/p>\n<h4>\u00a0 \u00a0 \u00a0 \u00a0 \u00a0 \u00a0 \u00a0 \u00a0 \u00a0 \u00a0 <span style=\"text-decoration: underline;\">\u00a0Toegankelijkheid en de Kwaliteit van de MOEDER-ONTWERP<\/span><\/h4>\n<p><strong>In MAMA DESIGN<\/strong>we zijn toegewijd aan het leveren van hoge kwaliteit producten <strong>betaalbare prijzen<\/strong>. Onze marmeren plaat PVC is verkrijgbaar met <strong>levering en gratis retourzending<\/strong>dit maakt uw shopping ervaring zowel eenvoudig en handig. Daarnaast zijn onze teams zijn hier om u te helpen en adviseren u om ervoor te zorgen dat u de beste keuze maken voor uw decoratie project.<\/p>","protected":false},"excerpt":{"rendered":"<p><a href=\"https:\/\/mom-design.com\/nl\/plinthes\/?glang=fr&amp;gurl=categorie-produit\/plinthes\/\"><strong>De marmeren plaat PVC<\/strong><\/a> combineert esthetiek en functionaliteit. Het nabootsen perfect bij de uitstraling van natuurlijke marmer, het is ideaal voor een moderne inrichting en verfijnd. Beschikbaar in verschillende afmetingen, deze is gemakkelijk te installeren, duurzaam en kan worden gebruikt voor verschillende projecten, home decor, het transformeren van uw ruimtes.<\/p>","protected":false},"featured_media":7397,"comment_status":"open","ping_status":"closed","template":"","meta":{"_acf_changed":false},"product_brand":[],"product_cat":[15],"product_tag":[],"class_list":{"0":"post-6688","1":"product","2":"type-product","3":"status-publish","4":"has-post-thumbnail","6":"product_cat-revetement-mural","8":"first","9":"outofstock","10":"taxable","11":"shipping-taxable","12":"purchasable","13":"product-type-simple","14":"add-to-wishlist-after_add_to_cart"},"acf":[],"yoast_head":"<!-- This site is optimized with the Yoast SEO plugin v27.0 - https:\/\/yoast.com\/product\/yoast-seo-wordpress\/ -->\n<title>Plaque marbre en Gris clair brillant en pvc 2,40 m x 1,20 m | MOM DESIGN<\/title>\n<meta name=\"description\" content=\"D\u00e9couvrez notre plaque marbre en PVC blanc pour une d\u00e9coration \u00e9l\u00e9gante et moderne, avec livraison et retours gratuits. Imitation marbre de qualit\u00e9, facile \u00e0 installer et entretenir. Commandez maintenant pour sublimer vos espaces \u00e0 moindre co\u00fbt !\" \/>\n<meta name=\"robots\" content=\"index, follow, max-snippet:-1, max-image-preview:large, max-video-preview:-1\" \/>\n<link rel=\"canonical\" href=\"https:\/\/mom-design.com\/nl\/produit\/revetement-mural-12\/\" \/>\n<meta property=\"og:locale\" content=\"nl_NL\" \/>\n<meta property=\"og:type\" content=\"article\" \/>\n<meta property=\"og:title\" content=\"Plaque marbre en Gris clair brillant en pvc 2,40 m x 1,20 m | MOM DESIGN\" \/>\n<meta property=\"og:description\" content=\"D\u00e9couvrez notre plaque marbre en PVC blanc pour une d\u00e9coration \u00e9l\u00e9gante et moderne, avec livraison et retours gratuits. Imitation marbre de qualit\u00e9, facile \u00e0 installer et entretenir. Commandez maintenant pour sublimer vos espaces \u00e0 moindre co\u00fbt !\" \/>\n<meta property=\"og:url\" content=\"https:\/\/mom-design.com\/nl\/produit\/revetement-mural-12\/\" \/>\n<meta property=\"og:site_name\" content=\"MOM DESIGN\" \/>\n<meta property=\"article:modified_time\" content=\"2025-09-08T09:21:28+00:00\" \/>\n<meta property=\"og:image\" content=\"https:\/\/mom-design.com\/wp-content\/uploads\/2024\/07\/20.jpg\" \/>\n\t<meta property=\"og:image:width\" content=\"736\" \/>\n\t<meta property=\"og:image:height\" content=\"891\" \/>\n\t<meta property=\"og:image:type\" content=\"image\/jpeg\" \/>\n<meta name=\"twitter:card\" content=\"summary_large_image\" \/>\n<meta name=\"twitter:label1\" content=\"Geschatte leestijd\" \/>\n\t<meta name=\"twitter:data1\" content=\"2 minuten\" \/>\n<script type=\"application\/ld+json\" class=\"yoast-schema-graph\">{\"@context\":\"https:\/\/schema.org\",\"@graph\":[{\"@type\":\"WebPage\",\"@id\":\"https:\/\/mom-design.com\/nl\/produit\/revetement-mural-12\/\",\"url\":\"https:\/\/mom-design.com\/nl\/produit\/revetement-mural-12\/\",\"name\":\"Plaque marbre en Gris clair brillant en pvc 2,40 m x 1,20 m | MOM DESIGN\",\"isPartOf\":{\"@id\":\"https:\/\/mom-design.com\/nl\/#website\"},\"primaryImageOfPage\":{\"@id\":\"https:\/\/mom-design.com\/nl\/produit\/revetement-mural-12\/#primaryimage\"},\"image\":{\"@id\":\"https:\/\/mom-design.com\/nl\/produit\/revetement-mural-12\/#primaryimage\"},\"thumbnailUrl\":\"https:\/\/mom-design.com\/wp-content\/uploads\/2024\/07\/20.jpg\",\"datePublished\":\"2024-07-23T19:11:19+00:00\",\"dateModified\":\"2025-09-08T09:21:28+00:00\",\"description\":\"D\u00e9couvrez notre plaque marbre en PVC blanc pour une d\u00e9coration \u00e9l\u00e9gante et moderne, avec livraison et retours gratuits. Imitation marbre de qualit\u00e9, facile \u00e0 installer et entretenir. Commandez maintenant pour sublimer vos espaces \u00e0 moindre co\u00fbt !\",\"breadcrumb\":{\"@id\":\"https:\/\/mom-design.com\/nl\/produit\/revetement-mural-12\/#breadcrumb\"},\"inLanguage\":\"nl-NL\",\"potentialAction\":[{\"@type\":\"ReadAction\",\"target\":[\"https:\/\/mom-design.com\/nl\/produit\/revetement-mural-12\/\"]}]},{\"@type\":\"ImageObject\",\"inLanguage\":\"nl-NL\",\"@id\":\"https:\/\/mom-design.com\/nl\/produit\/revetement-mural-12\/#primaryimage\",\"url\":\"https:\/\/mom-design.com\/wp-content\/uploads\/2024\/07\/20.jpg\",\"contentUrl\":\"https:\/\/mom-design.com\/wp-content\/uploads\/2024\/07\/20.jpg\",\"width\":736,\"height\":891,\"caption\":\"rev\u00eatement mural wall panel marbre mom design\"},{\"@type\":\"BreadcrumbList\",\"@id\":\"https:\/\/mom-design.com\/nl\/produit\/revetement-mural-12\/#breadcrumb\",\"itemListElement\":[{\"@type\":\"ListItem\",\"position\":1,\"name\":\"D\u00e9coration murale d\u2019int\u00e9rieur\",\"item\":\"https:\/\/mom-design.com\/de\/\"},{\"@type\":\"ListItem\",\"position\":2,\"name\":\"Plaque marbre en Gris clair brillant en pvc 2,40 m x 1,20 m\"}]},{\"@type\":\"WebSite\",\"@id\":\"https:\/\/mom-design.com\/nl\/#website\",\"url\":\"https:\/\/mom-design.com\/nl\/\",\"name\":\"MOM DESIGN\",\"description\":\"Sp\u00e9cialiste du design mural d&#039;int\u00e9rieur\",\"potentialAction\":[{\"@type\":\"SearchAction\",\"target\":{\"@type\":\"EntryPoint\",\"urlTemplate\":\"https:\/\/mom-design.com\/nl\/?s={search_term_string}\"},\"query-input\":{\"@type\":\"PropertyValueSpecification\",\"valueRequired\":true,\"valueName\":\"search_term_string\"}}],\"inLanguage\":\"nl-NL\"}]}<\/script>\n<!-- \/ Yoast SEO plugin. -->","yoast_head_json":{"title":"Plaque marbre en Gris clair brillant en pvc 2,40 m x 1,20 m | MOM DESIGN","description":"D\u00e9couvrez notre plaque marbre en PVC blanc pour une d\u00e9coration \u00e9l\u00e9gante et moderne, avec livraison et retours gratuits. Imitation marbre de qualit\u00e9, facile \u00e0 installer et entretenir. Commandez maintenant pour sublimer vos espaces \u00e0 moindre co\u00fbt !","robots":{"index":"index","follow":"follow","max-snippet":"max-snippet:-1","max-image-preview":"max-image-preview:large","max-video-preview":"max-video-preview:-1"},"canonical":"https:\/\/mom-design.com\/nl\/produit\/revetement-mural-12\/","og_locale":"nl_NL","og_type":"article","og_title":"Plaque marbre en Gris clair brillant en pvc 2,40 m x 1,20 m | MOM DESIGN","og_description":"D\u00e9couvrez notre plaque marbre en PVC blanc pour une d\u00e9coration \u00e9l\u00e9gante et moderne, avec livraison et retours gratuits. Imitation marbre de qualit\u00e9, facile \u00e0 installer et entretenir. Commandez maintenant pour sublimer vos espaces \u00e0 moindre co\u00fbt !","og_url":"https:\/\/mom-design.com\/nl\/produit\/revetement-mural-12\/","og_site_name":"MOM DESIGN","article_modified_time":"2025-09-08T09:21:28+00:00","og_image":[{"width":736,"height":891,"url":"https:\/\/mom-design.com\/wp-content\/uploads\/2024\/07\/20.jpg","type":"image\/jpeg"}],"twitter_card":"summary_large_image","twitter_misc":{"Geschatte leestijd":"2 minuten"},"schema":{"@context":"https:\/\/schema.org","@graph":[{"@type":"WebPage","@id":"https:\/\/mom-design.com\/nl\/produit\/revetement-mural-12\/","url":"https:\/\/mom-design.com\/nl\/produit\/revetement-mural-12\/","name":"Plaque marbre en Gris clair brillant en pvc 2,40 m x 1,20 m | MOM DESIGN","isPartOf":{"@id":"https:\/\/mom-design.com\/nl\/#website"},"primaryImageOfPage":{"@id":"https:\/\/mom-design.com\/nl\/produit\/revetement-mural-12\/#primaryimage"},"image":{"@id":"https:\/\/mom-design.com\/nl\/produit\/revetement-mural-12\/#primaryimage"},"thumbnailUrl":"https:\/\/mom-design.com\/wp-content\/uploads\/2024\/07\/20.jpg","datePublished":"2024-07-23T19:11:19+00:00","dateModified":"2025-09-08T09:21:28+00:00","description":"D\u00e9couvrez notre plaque marbre en PVC blanc pour une d\u00e9coration \u00e9l\u00e9gante et moderne, avec livraison et retours gratuits. Imitation marbre de qualit\u00e9, facile \u00e0 installer et entretenir. Commandez maintenant pour sublimer vos espaces \u00e0 moindre co\u00fbt !","breadcrumb":{"@id":"https:\/\/mom-design.com\/nl\/produit\/revetement-mural-12\/#breadcrumb"},"inLanguage":"nl-NL","potentialAction":[{"@type":"ReadAction","target":["https:\/\/mom-design.com\/nl\/produit\/revetement-mural-12\/"]}]},{"@type":"ImageObject","inLanguage":"nl-NL","@id":"https:\/\/mom-design.com\/nl\/produit\/revetement-mural-12\/#primaryimage","url":"https:\/\/mom-design.com\/wp-content\/uploads\/2024\/07\/20.jpg","contentUrl":"https:\/\/mom-design.com\/wp-content\/uploads\/2024\/07\/20.jpg","width":736,"height":891,"caption":"rev\u00eatement mural wall panel marbre mom design"},{"@type":"BreadcrumbList","@id":"https:\/\/mom-design.com\/nl\/produit\/revetement-mural-12\/#breadcrumb","itemListElement":[{"@type":"ListItem","position":1,"name":"D\u00e9coration murale d\u2019int\u00e9rieur","item":"https:\/\/mom-design.com\/de\/"},{"@type":"ListItem","position":2,"name":"Plaque marbre en Gris clair brillant en pvc 2,40 m x 1,20 m"}]},{"@type":"WebSite","@id":"https:\/\/mom-design.com\/nl\/#website","url":"https:\/\/mom-design.com\/nl\/","name":"MAMA DESIGN","description":"Sp\u00e9cialiste du design mural d'int\u00e9rieur","potentialAction":[{"@type":"SearchAction","target":{"@type":"EntryPoint","urlTemplate":"https:\/\/mom-design.com\/nl\/?s={search_term_string}"},"query-input":{"@type":"PropertyValueSpecification","valueRequired":true,"valueName":"search_term_string"}}],"inLanguage":"nl-NL"}]}},"_links":{"self":[{"href":"https:\/\/mom-design.com\/nl\/wp-json\/wp\/v2\/product\/6688","targetHints":{"allow":["GET"]}}],"collection":[{"href":"https:\/\/mom-design.com\/nl\/wp-json\/wp\/v2\/product"}],"about":[{"href":"https:\/\/mom-design.com\/nl\/wp-json\/wp\/v2\/types\/product"}],"replies":[{"embeddable":true,"href":"https:\/\/mom-design.com\/nl\/wp-json\/wp\/v2\/comments?post=6688"}],"wp:featuredmedia":[{"embeddable":true,"href":"https:\/\/mom-design.com\/nl\/wp-json\/wp\/v2\/media\/7397"}],"wp:attachment":[{"href":"https:\/\/mom-design.com\/nl\/wp-json\/wp\/v2\/media?parent=6688"}],"wp:term":[{"taxonomy":"product_brand","embeddable":true,"href":"https:\/\/mom-design.com\/nl\/wp-json\/wp\/v2\/product_brand?post=6688"},{"taxonomy":"product_cat","embeddable":true,"href":"https:\/\/mom-design.com\/nl\/wp-json\/wp\/v2\/product_cat?post=6688"},{"taxonomy":"product_tag","embeddable":true,"href":"https:\/\/mom-design.com\/nl\/wp-json\/wp\/v2\/product_tag?post=6688"}],"curies":[{"name":"wp","href":"https:\/\/api.w.org\/{rel}","templated":true}]}}