{"id":6701,"date":"2024-07-23T21:17:58","date_gmt":"2024-07-23T19:17:58","guid":{"rendered":"https:\/\/mom-design.com\/?post_type=product&#038;p=6701"},"modified":"2025-10-25T20:27:04","modified_gmt":"2025-10-25T18:27:04","slug":"plinthe-blanche-2-metres-en-pvc","status":"publish","type":"product","link":"https:\/\/mom-design.com\/nl\/produit\/plinthes-1\/","title":{"rendered":"Plinthe blanche 2 m\u00e8tres en pvc Charles VIII"},"content":{"rendered":"<h4><strong>\u00a0 \u00a0 \u00a0 \u00a0 \u00a0 \u00a0 \u00a0<\/strong><span style=\"text-decoration: underline;\"><strong>Kenmerken :<\/strong><\/span><\/h4>\n<p>&#8211; <span style=\"text-decoration: underline;\">Kleur<\/span> : Wit<br \/>\n&#8211; <span style=\"text-decoration: underline;\">Lengte<\/span> : 2 m<br \/>\n&#8211; <span style=\"text-decoration: underline;\">Hoogte<\/span>: 8 cm<br \/>\n&#8211;<span style=\"text-decoration: underline;\"> Materiaal<\/span> : Hoge weerstand PVC<br \/>\n&#8211; <span style=\"text-decoration: underline;\">Installatie<\/span> : Eenvoudig te installeren met lijm of schroeven<br \/>\n&#8211; <span style=\"text-decoration: underline;\">Weerstand<\/span> : Anti-vocht, schokbestendig<\/p>\n<h4><strong>\u00a0 \u00a0 \u00a0 \u00a0 \u00a0 \u00a0 \u00a0<span style=\"text-decoration: underline;\">Elegantie<\/span><\/strong><span style=\"text-decoration: underline;\"><strong> en Bescherming van Uw Muren<\/strong><\/span><\/h4>\n<p>De <a href=\"https:\/\/mom-design.com\/nl\/product\/plinthes-1\/\">plint<\/a> wit 2 meter voorgesteld door <strong>MAMA DESIGN<\/strong> is de essenti\u00eble accessoire te voltooien <strong>de <a href=\"https:\/\/mom-design.com\/nl\/product\/plinthes-2\/\">afwerking van uw muren met elegantie en moderniteit<\/a>.<\/strong> Ontworpen door <strong>PVC<\/strong> hoge kwaliteit, deze plint verwarming is speciaal ontworpen om bestand te zijn tegen de ontberingen van het dagelijks leven. Zijn slanke ontwerp en de witte kleur kan worden eenvoudig te integreren in de <a href=\"https:\/\/mom-design.com\/nl\/product\/plinthes-8\/\"><strong>alle soorten van de inrichting<\/strong><\/a>of ze zijn hedendaags of klassiek.<\/p>\n<h4>\u00a0 \u00a0 \u00a0 \u00a0 \u00a0 \u00a0 \u00a0<span style=\"text-decoration: underline;\">Kan worden Geschilderd<\/span><\/h4>\n<p>Een van de grote voordelen van deze plint PVC <strong>zijn vermogen om te worden geschilderd<\/strong>. U kunt <strong>het aanpassen van de kleur<\/strong> om het aan te passen aan uw muren of uw meubels. <strong>Gebruik een verf geschikt voor PVC, voor een optimale<\/strong>.<\/p>\n<h4><strong>\u00a0 \u00a0 \u00a0 \u00a0 \u00a0 \u00a0 \u00a0<\/strong><span style=\"text-decoration: underline;\"><strong>Eenvoudige Installatie voor een Perfect Resultaat<\/strong><\/span><\/h4>\n<p>De installatie van onze plint pvc is een eitje. Het kan worden <strong>bevestigd aan de muur met behulp van lijm of schroeven<\/strong>afhankelijk van uw behoeften. Dankzij de lichtheid en flexibiliteit, het past zich perfect aan de rondingen en hoeken van uw muren, zorgen voor een perfecte afwerking. Het biedt voldoende dekking voor het beschermen van de kwetsbare gebieden van uw muren.<\/p>\n<h4><strong>\u00a0 \u00a0 \u00a0 \u00a0 \u00a0 \u00a0 \u00a0<\/strong><span style=\"text-decoration: underline;\"><strong>Waarom Kiezen voor Plinten MOEDER ONTWERP ?<\/strong><\/span><\/h4>\n<p>Het kiezen van plint <a href=\"https:\/\/mom-design.com\/nl\/plinthes\/\"><strong>MAMA DESIGN<\/strong><\/a>ga je voor kwaliteit, duurzaamheid en esthetiek. Onze plinten zijn ontworpen om lang mee en blijven zoeken nieuwe jaar na jaar. Ze zijn vochtbestendig, waardoor ze ideaal zijn voor ruimtes van de woning gevoelig voor lekkages, zoals badkamers en keukens. Hun onderhoud is simpel : gewoon een schot van vochtige doek is voldoende voor het reinigen.<\/p>\n<p><strong>Niet te missen de kans om te sublimeren uw interieur op met ons plinten van superieure kwaliteit. Bezoek onze website en ontdek ons volledig assortiment<br \/>\nen maak van uw huis een ruimte die is stijlvol en beschermd.<\/strong><\/p>","protected":false},"excerpt":{"rendered":"<p><a href=\"https:\/\/mom-design.com\/nl\/plinthes\/\"><strong>De plint wit 2 meter pvc<\/strong><\/a>\u00a0est l&rsquo;\u00e9l\u00e9ment id\u00e9al pour donner<strong> een fijne afwerking van uw muren<\/strong>. Het is ontworpen om zowel <strong>de esthetische en functionele<\/strong>. Het duurzame materiaal en gemakkelijk te onderhouden is een perfecte keuze voor de moderne huizen, met <strong>une protection efficace contre les chocs et l&rsquo;humidit\u00e9.<\/strong><\/p>","protected":false},"featured_media":7254,"comment_status":"open","ping_status":"closed","template":"","meta":{"_acf_changed":false},"product_brand":[],"product_cat":[53],"product_tag":[88],"class_list":{"0":"post-6701","1":"product","2":"type-product","3":"status-publish","4":"has-post-thumbnail","6":"product_cat-plinthes","7":"product_tag-imbattable","8":"product_shipping_class-livraison-gls","10":"first","11":"instock","12":"taxable","13":"shipping-taxable","14":"purchasable","15":"product-type-simple","16":"add-to-wishlist-after_add_to_cart"},"acf":[],"yoast_head":"<!-- This site is optimized with the Yoast SEO plugin v27.0 - https:\/\/yoast.com\/product\/yoast-seo-wordpress\/ -->\n<title>Plinthe blanche 2 m\u00e8tres en pvc Charles VIII | MOM DESIGN<\/title>\n<meta name=\"description\" content=\"Optez pour notre plinthe blanche 2 m\u00e8tres en pvc, parfaite pour une finition murale \u00e9l\u00e9gante et r\u00e9sistante. Disponible \u00e0 petit prix et uniquement sur notre site MOM DESIGN, avec livraison et retours gratuits.\" \/>\n<meta name=\"robots\" content=\"index, follow, max-snippet:-1, max-image-preview:large, max-video-preview:-1\" \/>\n<link rel=\"canonical\" href=\"https:\/\/mom-design.com\/nl\/produit\/plinthes-1\/\" \/>\n<meta property=\"og:locale\" content=\"nl_NL\" \/>\n<meta property=\"og:type\" content=\"article\" \/>\n<meta property=\"og:title\" content=\"Plinthe blanche 2 m\u00e8tres en pvc Charles VIII | MOM DESIGN\" \/>\n<meta property=\"og:description\" content=\"Optez pour notre plinthe blanche 2 m\u00e8tres en pvc, parfaite pour une finition murale \u00e9l\u00e9gante et r\u00e9sistante. Disponible \u00e0 petit prix et uniquement sur notre site MOM DESIGN, avec livraison et retours gratuits.\" \/>\n<meta property=\"og:url\" content=\"https:\/\/mom-design.com\/nl\/produit\/plinthes-1\/\" \/>\n<meta property=\"og:site_name\" content=\"MOM DESIGN\" \/>\n<meta property=\"article:modified_time\" content=\"2025-10-25T18:27:04+00:00\" \/>\n<meta property=\"og:image\" content=\"https:\/\/mom-design.com\/wp-content\/uploads\/2024\/07\/plinthe-pvc-mom-design-M5.jpeg\" \/>\n\t<meta property=\"og:image:width\" content=\"718\" \/>\n\t<meta property=\"og:image:height\" content=\"538\" \/>\n\t<meta property=\"og:image:type\" content=\"image\/jpeg\" \/>\n<meta name=\"twitter:card\" content=\"summary_large_image\" \/>\n<meta name=\"twitter:label1\" content=\"Geschatte leestijd\" \/>\n\t<meta name=\"twitter:data1\" content=\"2 minuten\" \/>\n<script type=\"application\/ld+json\" class=\"yoast-schema-graph\">{\"@context\":\"https:\/\/schema.org\",\"@graph\":[{\"@type\":\"WebPage\",\"@id\":\"https:\/\/mom-design.com\/nl\/produit\/plinthes-1\/\",\"url\":\"https:\/\/mom-design.com\/nl\/produit\/plinthes-1\/\",\"name\":\"Plinthe blanche 2 m\u00e8tres en pvc Charles VIII | MOM DESIGN\",\"isPartOf\":{\"@id\":\"https:\/\/mom-design.com\/nl\/#website\"},\"primaryImageOfPage\":{\"@id\":\"https:\/\/mom-design.com\/nl\/produit\/plinthes-1\/#primaryimage\"},\"image\":{\"@id\":\"https:\/\/mom-design.com\/nl\/produit\/plinthes-1\/#primaryimage\"},\"thumbnailUrl\":\"https:\/\/mom-design.com\/wp-content\/uploads\/2024\/07\/plinthe-pvc-mom-design-M5.jpeg\",\"datePublished\":\"2024-07-23T19:17:58+00:00\",\"dateModified\":\"2025-10-25T18:27:04+00:00\",\"description\":\"Optez pour notre plinthe blanche 2 m\u00e8tres en pvc, parfaite pour une finition murale \u00e9l\u00e9gante et r\u00e9sistante. Disponible \u00e0 petit prix et uniquement sur notre site MOM DESIGN, avec livraison et retours gratuits.\",\"breadcrumb\":{\"@id\":\"https:\/\/mom-design.com\/nl\/produit\/plinthes-1\/#breadcrumb\"},\"inLanguage\":\"nl-NL\",\"potentialAction\":[{\"@type\":\"ReadAction\",\"target\":[\"https:\/\/mom-design.com\/nl\/produit\/plinthes-1\/\"]}]},{\"@type\":\"ImageObject\",\"inLanguage\":\"nl-NL\",\"@id\":\"https:\/\/mom-design.com\/nl\/produit\/plinthes-1\/#primaryimage\",\"url\":\"https:\/\/mom-design.com\/wp-content\/uploads\/2024\/07\/plinthe-pvc-mom-design-M5.jpeg\",\"contentUrl\":\"https:\/\/mom-design.com\/wp-content\/uploads\/2024\/07\/plinthe-pvc-mom-design-M5.jpeg\",\"width\":718,\"height\":538,\"caption\":\"plinthe pvc mom design M5 BLANCHE\"},{\"@type\":\"BreadcrumbList\",\"@id\":\"https:\/\/mom-design.com\/nl\/produit\/plinthes-1\/#breadcrumb\",\"itemListElement\":[{\"@type\":\"ListItem\",\"position\":1,\"name\":\"D\u00e9coration murale d\u2019int\u00e9rieur\",\"item\":\"https:\/\/mom-design.com\/de\/\"},{\"@type\":\"ListItem\",\"position\":2,\"name\":\"Plinthe blanche 2 m\u00e8tres en pvc Charles VIII\"}]},{\"@type\":\"WebSite\",\"@id\":\"https:\/\/mom-design.com\/nl\/#website\",\"url\":\"https:\/\/mom-design.com\/nl\/\",\"name\":\"MOM DESIGN\",\"description\":\"Sp\u00e9cialiste du design mural d&#039;int\u00e9rieur\",\"potentialAction\":[{\"@type\":\"SearchAction\",\"target\":{\"@type\":\"EntryPoint\",\"urlTemplate\":\"https:\/\/mom-design.com\/nl\/?s={search_term_string}\"},\"query-input\":{\"@type\":\"PropertyValueSpecification\",\"valueRequired\":true,\"valueName\":\"search_term_string\"}}],\"inLanguage\":\"nl-NL\"}]}<\/script>\n<!-- \/ Yoast SEO plugin. -->","yoast_head_json":{"title":"Plinthe blanche 2 m\u00e8tres en pvc Charles VIII | MOM DESIGN","description":"Optez pour notre plinthe blanche 2 m\u00e8tres en pvc, parfaite pour une finition murale \u00e9l\u00e9gante et r\u00e9sistante. Disponible \u00e0 petit prix et uniquement sur notre site MOM DESIGN, avec livraison et retours gratuits.","robots":{"index":"index","follow":"follow","max-snippet":"max-snippet:-1","max-image-preview":"max-image-preview:large","max-video-preview":"max-video-preview:-1"},"canonical":"https:\/\/mom-design.com\/nl\/produit\/plinthes-1\/","og_locale":"nl_NL","og_type":"article","og_title":"Plinthe blanche 2 m\u00e8tres en pvc Charles VIII | MOM DESIGN","og_description":"Optez pour notre plinthe blanche 2 m\u00e8tres en pvc, parfaite pour une finition murale \u00e9l\u00e9gante et r\u00e9sistante. Disponible \u00e0 petit prix et uniquement sur notre site MOM DESIGN, avec livraison et retours gratuits.","og_url":"https:\/\/mom-design.com\/nl\/produit\/plinthes-1\/","og_site_name":"MOM DESIGN","article_modified_time":"2025-10-25T18:27:04+00:00","og_image":[{"width":718,"height":538,"url":"https:\/\/mom-design.com\/wp-content\/uploads\/2024\/07\/plinthe-pvc-mom-design-M5.jpeg","type":"image\/jpeg"}],"twitter_card":"summary_large_image","twitter_misc":{"Geschatte leestijd":"2 minuten"},"schema":{"@context":"https:\/\/schema.org","@graph":[{"@type":"WebPage","@id":"https:\/\/mom-design.com\/nl\/produit\/plinthes-1\/","url":"https:\/\/mom-design.com\/nl\/produit\/plinthes-1\/","name":"Plinthe blanche 2 m\u00e8tres en pvc Charles VIII | MOM DESIGN","isPartOf":{"@id":"https:\/\/mom-design.com\/nl\/#website"},"primaryImageOfPage":{"@id":"https:\/\/mom-design.com\/nl\/produit\/plinthes-1\/#primaryimage"},"image":{"@id":"https:\/\/mom-design.com\/nl\/produit\/plinthes-1\/#primaryimage"},"thumbnailUrl":"https:\/\/mom-design.com\/wp-content\/uploads\/2024\/07\/plinthe-pvc-mom-design-M5.jpeg","datePublished":"2024-07-23T19:17:58+00:00","dateModified":"2025-10-25T18:27:04+00:00","description":"Optez pour notre plinthe blanche 2 m\u00e8tres en pvc, parfaite pour une finition murale \u00e9l\u00e9gante et r\u00e9sistante. Disponible \u00e0 petit prix et uniquement sur notre site MOM DESIGN, avec livraison et retours gratuits.","breadcrumb":{"@id":"https:\/\/mom-design.com\/nl\/produit\/plinthes-1\/#breadcrumb"},"inLanguage":"nl-NL","potentialAction":[{"@type":"ReadAction","target":["https:\/\/mom-design.com\/nl\/produit\/plinthes-1\/"]}]},{"@type":"ImageObject","inLanguage":"nl-NL","@id":"https:\/\/mom-design.com\/nl\/produit\/plinthes-1\/#primaryimage","url":"https:\/\/mom-design.com\/wp-content\/uploads\/2024\/07\/plinthe-pvc-mom-design-M5.jpeg","contentUrl":"https:\/\/mom-design.com\/wp-content\/uploads\/2024\/07\/plinthe-pvc-mom-design-M5.jpeg","width":718,"height":538,"caption":"plinthe pvc mom design M5 BLANCHE"},{"@type":"BreadcrumbList","@id":"https:\/\/mom-design.com\/nl\/produit\/plinthes-1\/#breadcrumb","itemListElement":[{"@type":"ListItem","position":1,"name":"D\u00e9coration murale d\u2019int\u00e9rieur","item":"https:\/\/mom-design.com\/de\/"},{"@type":"ListItem","position":2,"name":"Plinthe blanche 2 m\u00e8tres en pvc Charles VIII"}]},{"@type":"WebSite","@id":"https:\/\/mom-design.com\/nl\/#website","url":"https:\/\/mom-design.com\/nl\/","name":"MAMA DESIGN","description":"Sp\u00e9cialiste du design mural d'int\u00e9rieur","potentialAction":[{"@type":"SearchAction","target":{"@type":"EntryPoint","urlTemplate":"https:\/\/mom-design.com\/nl\/?s={search_term_string}"},"query-input":{"@type":"PropertyValueSpecification","valueRequired":true,"valueName":"search_term_string"}}],"inLanguage":"nl-NL"}]}},"_links":{"self":[{"href":"https:\/\/mom-design.com\/nl\/wp-json\/wp\/v2\/product\/6701","targetHints":{"allow":["GET"]}}],"collection":[{"href":"https:\/\/mom-design.com\/nl\/wp-json\/wp\/v2\/product"}],"about":[{"href":"https:\/\/mom-design.com\/nl\/wp-json\/wp\/v2\/types\/product"}],"replies":[{"embeddable":true,"href":"https:\/\/mom-design.com\/nl\/wp-json\/wp\/v2\/comments?post=6701"}],"wp:featuredmedia":[{"embeddable":true,"href":"https:\/\/mom-design.com\/nl\/wp-json\/wp\/v2\/media\/7254"}],"wp:attachment":[{"href":"https:\/\/mom-design.com\/nl\/wp-json\/wp\/v2\/media?parent=6701"}],"wp:term":[{"taxonomy":"product_brand","embeddable":true,"href":"https:\/\/mom-design.com\/nl\/wp-json\/wp\/v2\/product_brand?post=6701"},{"taxonomy":"product_cat","embeddable":true,"href":"https:\/\/mom-design.com\/nl\/wp-json\/wp\/v2\/product_cat?post=6701"},{"taxonomy":"product_tag","embeddable":true,"href":"https:\/\/mom-design.com\/nl\/wp-json\/wp\/v2\/product_tag?post=6701"}],"curies":[{"name":"wp","href":"https:\/\/api.w.org\/{rel}","templated":true}]}}