{"id":6708,"date":"2024-07-23T21:21:00","date_gmt":"2024-07-23T19:21:00","guid":{"rendered":"https:\/\/mom-design.com\/?post_type=product&#038;p=6708"},"modified":"2025-10-25T20:53:30","modified_gmt":"2025-10-25T18:53:30","slug":"plinthe-murale-en-pvc-blanche-2-m-5","status":"publish","type":"product","link":"https:\/\/mom-design.com\/nl\/produit\/plinthes-6\/","title":{"rendered":"Plinthe murale en pvc blanche 2 m\u00e8tres Charles III"},"content":{"rendered":"<h4>\u00a0 \u00a0 \u00a0 \u00a0 \u00a0 \u00a0 \u00a0 \u00a0 \u00a0 \u00a0 \u00a0 <span style=\"text-decoration: underline;\">Product kenmerken<\/span><\/h4>\n<p>&#8211;\u00a0 <span style=\"text-decoration: underline;\">Kleur<\/span> : wit<br \/>\n&#8211; <span style=\"text-decoration: underline;\">Lengte <\/span>: 2 m<br \/>\n&#8211; <span style=\"text-decoration: underline;\">Hoogte<\/span> : 8 cm, ideaal om effectief dekking van de hoeken van je kamers.<br \/>\n&#8211; <span style=\"text-decoration: underline;\">Materiaal<\/span> : PVC, duurzaam en lichtgewicht<br \/>\n&#8211; <span style=\"text-decoration: underline;\">Maatwerk<\/span>: het oppervlak van de baan kan worden geschilderd om aan te passen aan al uw wensen decoratief.<\/p>\n<h4>\u00a0 \u00a0 \u00a0 \u00a0 \u00a0 \u00a0 \u00a0 \u00a0 \u00a0 \u00a0 \u00a0 <span style=\"text-decoration: underline;\">Een Praktische en Stijlvolle Afwerking<\/span><\/h4>\n<p>De plint muurschildering PVC wit 2 meter MAMA DESIGN is ontworpen <strong>om te zorgen voor een stijlvolle afwerking van uw muren<\/strong> terwijl het verzekeren van <strong>effectieve bescherming<\/strong>. Met een hoogte van 8 cm, het <strong><a href=\"https:\/\/mom-design.com\/nl\/product\/plinthes-4\/\">heeft betrekking op de kruising tussen de muur en de vloer<\/a> onevenredig<\/strong>.<\/p>\n<h4>\u00a0 \u00a0 \u00a0 \u00a0 \u00a0 \u00a0 \u00a0 \u00a0 \u00a0 \u00a0 \u00a0<span style=\"text-decoration: underline;\">Eenvoudig te installeren en entertainment minimum<\/span><\/h4>\n<p>De installatie van de plint aan de muur <strong>snel en eenvoudig<\/strong> dankzij de lichtheid. Je kunt oplossen met de hulp van specifieke lijm of clips voor installatie zonder inspanning.<br \/>\nIn termen van onderhoud, <strong>een eenvoudige veeg met een vochtige doek is voldoende<\/strong> te houden het schoon en scherp. Dit product is ideaal voor gebruik in omgevingen met veel verkeer.<\/p>\n<h4>\u00a0 \u00a0 \u00a0 \u00a0 \u00a0 \u00a0 \u00a0 \u00a0 \u00a0 \u00a0 \u00a0<span style=\"text-decoration: underline;\"><strong>Waarom Kiezen voor MAMA DESIGN ?<\/strong><\/span><\/h4>\n<p><strong>In MAMA DESIGN<\/strong>we zijn toegewijd aan het bieden kwaliteit producten tegen betaalbare prijzen. <strong>De <a href=\"https:\/\/mom-design.com\/nl\/product\/plinthes-3\/\">plint wand wit PVC<\/a> is exclusief beschikbaar op onze site<\/strong>, zodat u kunt genieten van een speciale aanbieding voor de laagste prijs. Daarnaast bieden wij u de levering en gratis retour voor een shopping ervaring aangenaam en zorgeloos.<\/p>\n<p><strong>Optimaliseren <a href=\"https:\/\/mom-design.com\/nl\/product\/plinthes-6\/\">de inrichting van uw ruimtes<\/a> met de plint de wand PVC wit MAMA DESIGN.\u00a0<\/strong><\/p>","protected":false},"excerpt":{"rendered":"<p><strong>De <a href=\"https:\/\/mom-design.com\/nl\/plinthes\/\">plint<\/a> wand PVC wit 2 meter<\/strong> de ideale oplossing voor het toevoegen van een stijlvolle touch aan uw ruimte. Met een hoogte van 8 cm, de plint zorgt voor een strakke afwerking, terwijl de bescherming van uw muren. Gemaakt van PVC, het is duurzaam en gemakkelijk te onderhouden. Daarnaast kan het geschilderd worden om perfect te passen aan uw interieur.<\/p>","protected":false},"featured_media":7252,"comment_status":"open","ping_status":"closed","template":"","meta":{"_acf_changed":false},"product_brand":[],"product_cat":[53],"product_tag":[],"class_list":{"0":"post-6708","1":"product","2":"type-product","3":"status-publish","4":"has-post-thumbnail","6":"product_cat-plinthes","8":"first","9":"instock","10":"taxable","11":"shipping-taxable","12":"purchasable","13":"product-type-simple","14":"add-to-wishlist-after_add_to_cart"},"acf":[],"yoast_head":"<!-- This site is optimized with the Yoast SEO plugin v27.0 - https:\/\/yoast.com\/product\/yoast-seo-wordpress\/ -->\n<title>Plinthe murale en pvc blanche 2 m\u00e8tres Charles III | MOM DESIGN<\/title>\n<meta name=\"description\" content=\"D\u00e9couvrez notre plinthe murale en PVC blanche de 2 m, Disponible uniquement sur notre site MOM DESIGN, avec livraison et retours gratuits. Ne manquez pas cette opportunit\u00e9 pour am\u00e9liorer votre int\u00e9rieur !\" \/>\n<meta name=\"robots\" content=\"index, follow, max-snippet:-1, max-image-preview:large, max-video-preview:-1\" \/>\n<link rel=\"canonical\" href=\"https:\/\/mom-design.com\/nl\/produit\/plinthes-6\/\" \/>\n<meta property=\"og:locale\" content=\"nl_NL\" \/>\n<meta property=\"og:type\" content=\"article\" \/>\n<meta property=\"og:title\" content=\"Plinthe murale en pvc blanche 2 m\u00e8tres Charles III | MOM DESIGN\" \/>\n<meta property=\"og:description\" content=\"D\u00e9couvrez notre plinthe murale en PVC blanche de 2 m, Disponible uniquement sur notre site MOM DESIGN, avec livraison et retours gratuits. Ne manquez pas cette opportunit\u00e9 pour am\u00e9liorer votre int\u00e9rieur !\" \/>\n<meta property=\"og:url\" content=\"https:\/\/mom-design.com\/nl\/produit\/plinthes-6\/\" \/>\n<meta property=\"og:site_name\" content=\"MOM DESIGN\" \/>\n<meta property=\"article:modified_time\" content=\"2025-10-25T18:53:30+00:00\" \/>\n<meta property=\"og:image\" content=\"https:\/\/mom-design.com\/wp-content\/uploads\/2024\/07\/plinthe-pvc-mom-design-M1.jpeg\" \/>\n\t<meta property=\"og:image:width\" content=\"718\" \/>\n\t<meta property=\"og:image:height\" content=\"538\" \/>\n\t<meta property=\"og:image:type\" content=\"image\/jpeg\" \/>\n<meta name=\"twitter:card\" content=\"summary_large_image\" \/>\n<meta name=\"twitter:label1\" content=\"Geschatte leestijd\" \/>\n\t<meta name=\"twitter:data1\" content=\"2 minuten\" \/>\n<script type=\"application\/ld+json\" class=\"yoast-schema-graph\">{\"@context\":\"https:\/\/schema.org\",\"@graph\":[{\"@type\":\"WebPage\",\"@id\":\"https:\/\/mom-design.com\/nl\/produit\/plinthes-6\/\",\"url\":\"https:\/\/mom-design.com\/nl\/produit\/plinthes-6\/\",\"name\":\"Plinthe murale en pvc blanche 2 m\u00e8tres Charles III | MOM DESIGN\",\"isPartOf\":{\"@id\":\"https:\/\/mom-design.com\/nl\/#website\"},\"primaryImageOfPage\":{\"@id\":\"https:\/\/mom-design.com\/nl\/produit\/plinthes-6\/#primaryimage\"},\"image\":{\"@id\":\"https:\/\/mom-design.com\/nl\/produit\/plinthes-6\/#primaryimage\"},\"thumbnailUrl\":\"https:\/\/mom-design.com\/wp-content\/uploads\/2024\/07\/plinthe-pvc-mom-design-M1.jpeg\",\"datePublished\":\"2024-07-23T19:21:00+00:00\",\"dateModified\":\"2025-10-25T18:53:30+00:00\",\"description\":\"D\u00e9couvrez notre plinthe murale en PVC blanche de 2 m, Disponible uniquement sur notre site MOM DESIGN, avec livraison et retours gratuits. Ne manquez pas cette opportunit\u00e9 pour am\u00e9liorer votre int\u00e9rieur !\",\"breadcrumb\":{\"@id\":\"https:\/\/mom-design.com\/nl\/produit\/plinthes-6\/#breadcrumb\"},\"inLanguage\":\"nl-NL\",\"potentialAction\":[{\"@type\":\"ReadAction\",\"target\":[\"https:\/\/mom-design.com\/nl\/produit\/plinthes-6\/\"]}]},{\"@type\":\"ImageObject\",\"inLanguage\":\"nl-NL\",\"@id\":\"https:\/\/mom-design.com\/nl\/produit\/plinthes-6\/#primaryimage\",\"url\":\"https:\/\/mom-design.com\/wp-content\/uploads\/2024\/07\/plinthe-pvc-mom-design-M1.jpeg\",\"contentUrl\":\"https:\/\/mom-design.com\/wp-content\/uploads\/2024\/07\/plinthe-pvc-mom-design-M1.jpeg\",\"width\":718,\"height\":538,\"caption\":\"plinthe pvc mom design M1 blanche\"},{\"@type\":\"BreadcrumbList\",\"@id\":\"https:\/\/mom-design.com\/nl\/produit\/plinthes-6\/#breadcrumb\",\"itemListElement\":[{\"@type\":\"ListItem\",\"position\":1,\"name\":\"D\u00e9coration murale d\u2019int\u00e9rieur\",\"item\":\"https:\/\/mom-design.com\/de\/\"},{\"@type\":\"ListItem\",\"position\":2,\"name\":\"Plinthe murale en pvc blanche 2 m\u00e8tres Charles III\"}]},{\"@type\":\"WebSite\",\"@id\":\"https:\/\/mom-design.com\/nl\/#website\",\"url\":\"https:\/\/mom-design.com\/nl\/\",\"name\":\"MOM DESIGN\",\"description\":\"Sp\u00e9cialiste du design mural d&#039;int\u00e9rieur\",\"potentialAction\":[{\"@type\":\"SearchAction\",\"target\":{\"@type\":\"EntryPoint\",\"urlTemplate\":\"https:\/\/mom-design.com\/nl\/?s={search_term_string}\"},\"query-input\":{\"@type\":\"PropertyValueSpecification\",\"valueRequired\":true,\"valueName\":\"search_term_string\"}}],\"inLanguage\":\"nl-NL\"}]}<\/script>\n<!-- \/ Yoast SEO plugin. -->","yoast_head_json":{"title":"Plinthe murale en pvc blanche 2 m\u00e8tres Charles III | MOM DESIGN","description":"D\u00e9couvrez notre plinthe murale en PVC blanche de 2 m, Disponible uniquement sur notre site MOM DESIGN, avec livraison et retours gratuits. Ne manquez pas cette opportunit\u00e9 pour am\u00e9liorer votre int\u00e9rieur !","robots":{"index":"index","follow":"follow","max-snippet":"max-snippet:-1","max-image-preview":"max-image-preview:large","max-video-preview":"max-video-preview:-1"},"canonical":"https:\/\/mom-design.com\/nl\/produit\/plinthes-6\/","og_locale":"nl_NL","og_type":"article","og_title":"Plinthe murale en pvc blanche 2 m\u00e8tres Charles III | MOM DESIGN","og_description":"D\u00e9couvrez notre plinthe murale en PVC blanche de 2 m, Disponible uniquement sur notre site MOM DESIGN, avec livraison et retours gratuits. Ne manquez pas cette opportunit\u00e9 pour am\u00e9liorer votre int\u00e9rieur !","og_url":"https:\/\/mom-design.com\/nl\/produit\/plinthes-6\/","og_site_name":"MOM DESIGN","article_modified_time":"2025-10-25T18:53:30+00:00","og_image":[{"width":718,"height":538,"url":"https:\/\/mom-design.com\/wp-content\/uploads\/2024\/07\/plinthe-pvc-mom-design-M1.jpeg","type":"image\/jpeg"}],"twitter_card":"summary_large_image","twitter_misc":{"Geschatte leestijd":"2 minuten"},"schema":{"@context":"https:\/\/schema.org","@graph":[{"@type":"WebPage","@id":"https:\/\/mom-design.com\/nl\/produit\/plinthes-6\/","url":"https:\/\/mom-design.com\/nl\/produit\/plinthes-6\/","name":"Plinthe murale en pvc blanche 2 m\u00e8tres Charles III | MOM DESIGN","isPartOf":{"@id":"https:\/\/mom-design.com\/nl\/#website"},"primaryImageOfPage":{"@id":"https:\/\/mom-design.com\/nl\/produit\/plinthes-6\/#primaryimage"},"image":{"@id":"https:\/\/mom-design.com\/nl\/produit\/plinthes-6\/#primaryimage"},"thumbnailUrl":"https:\/\/mom-design.com\/wp-content\/uploads\/2024\/07\/plinthe-pvc-mom-design-M1.jpeg","datePublished":"2024-07-23T19:21:00+00:00","dateModified":"2025-10-25T18:53:30+00:00","description":"D\u00e9couvrez notre plinthe murale en PVC blanche de 2 m, Disponible uniquement sur notre site MOM DESIGN, avec livraison et retours gratuits. Ne manquez pas cette opportunit\u00e9 pour am\u00e9liorer votre int\u00e9rieur !","breadcrumb":{"@id":"https:\/\/mom-design.com\/nl\/produit\/plinthes-6\/#breadcrumb"},"inLanguage":"nl-NL","potentialAction":[{"@type":"ReadAction","target":["https:\/\/mom-design.com\/nl\/produit\/plinthes-6\/"]}]},{"@type":"ImageObject","inLanguage":"nl-NL","@id":"https:\/\/mom-design.com\/nl\/produit\/plinthes-6\/#primaryimage","url":"https:\/\/mom-design.com\/wp-content\/uploads\/2024\/07\/plinthe-pvc-mom-design-M1.jpeg","contentUrl":"https:\/\/mom-design.com\/wp-content\/uploads\/2024\/07\/plinthe-pvc-mom-design-M1.jpeg","width":718,"height":538,"caption":"plinthe pvc mom design M1 blanche"},{"@type":"BreadcrumbList","@id":"https:\/\/mom-design.com\/nl\/produit\/plinthes-6\/#breadcrumb","itemListElement":[{"@type":"ListItem","position":1,"name":"D\u00e9coration murale d\u2019int\u00e9rieur","item":"https:\/\/mom-design.com\/de\/"},{"@type":"ListItem","position":2,"name":"Plinthe murale en pvc blanche 2 m\u00e8tres Charles III"}]},{"@type":"WebSite","@id":"https:\/\/mom-design.com\/nl\/#website","url":"https:\/\/mom-design.com\/nl\/","name":"MAMA DESIGN","description":"Sp\u00e9cialiste du design mural d'int\u00e9rieur","potentialAction":[{"@type":"SearchAction","target":{"@type":"EntryPoint","urlTemplate":"https:\/\/mom-design.com\/nl\/?s={search_term_string}"},"query-input":{"@type":"PropertyValueSpecification","valueRequired":true,"valueName":"search_term_string"}}],"inLanguage":"nl-NL"}]}},"_links":{"self":[{"href":"https:\/\/mom-design.com\/nl\/wp-json\/wp\/v2\/product\/6708","targetHints":{"allow":["GET"]}}],"collection":[{"href":"https:\/\/mom-design.com\/nl\/wp-json\/wp\/v2\/product"}],"about":[{"href":"https:\/\/mom-design.com\/nl\/wp-json\/wp\/v2\/types\/product"}],"replies":[{"embeddable":true,"href":"https:\/\/mom-design.com\/nl\/wp-json\/wp\/v2\/comments?post=6708"}],"wp:featuredmedia":[{"embeddable":true,"href":"https:\/\/mom-design.com\/nl\/wp-json\/wp\/v2\/media\/7252"}],"wp:attachment":[{"href":"https:\/\/mom-design.com\/nl\/wp-json\/wp\/v2\/media?parent=6708"}],"wp:term":[{"taxonomy":"product_brand","embeddable":true,"href":"https:\/\/mom-design.com\/nl\/wp-json\/wp\/v2\/product_brand?post=6708"},{"taxonomy":"product_cat","embeddable":true,"href":"https:\/\/mom-design.com\/nl\/wp-json\/wp\/v2\/product_cat?post=6708"},{"taxonomy":"product_tag","embeddable":true,"href":"https:\/\/mom-design.com\/nl\/wp-json\/wp\/v2\/product_tag?post=6708"}],"curies":[{"name":"wp","href":"https:\/\/api.w.org\/{rel}","templated":true}]}}