{"id":6709,"date":"2024-07-23T21:21:26","date_gmt":"2024-07-23T19:21:26","guid":{"rendered":"https:\/\/mom-design.com\/?post_type=product&#038;p=6709"},"modified":"2025-10-25T20:51:55","modified_gmt":"2025-10-25T18:51:55","slug":"plinthe-murale-en-pvc-blanche-2-m-6","status":"publish","type":"product","link":"https:\/\/mom-design.com\/nl\/produit\/plinthes-7\/","title":{"rendered":"Plinthe murale en pvc blanche 2 m\u00e8tres Charles II"},"content":{"rendered":"<h4>\u00a0 \u00a0 \u00a0 \u00a0 \u00a0 \u00a0 \u00a0 \u00a0 \u00a0 \u00a0 <span style=\"text-decoration: underline;\">Kenmerken :<\/span><\/h4>\n<p>&#8211; <span style=\"text-decoration: underline;\">Kleur<\/span> : wit<br \/>\n&#8211; <span style=\"text-decoration: underline;\">Hoogte<\/span> : 10 cm<br \/>\n&#8211; <span style=\"text-decoration: underline;\">Lengte<\/span> : 2 meter<br \/>\n&#8211; <span style=\"text-decoration: underline;\">Materiaal<\/span> : PVC,<strong> gemakkelijk te begrijpen<\/strong><\/p>\n<ul>\n<li>Bande Led non incluse<\/li>\n<\/ul>\n<h4>\u00a0 \u00a0 \u00a0 \u00a0 \u00a0 \u00a0 \u00a0 \u00a0 \u00a0 \u00a0<span style=\"text-decoration: underline;\">Een elegante afwerking voor het interieur<\/span><\/h4>\n<p><strong>De <a href=\"https:\/\/mom-design.com\/nl\/plinthes\/\">plint wand-en PVC (wit-2 meter<\/a><\/strong> is <strong>kies de finishing touch toe te voegen een vleugje van verfijning innerlijke<\/strong>. Ontworpen om te passen<strong> alle stijlen van inrichting<\/strong>de plint is uitgevoerd in een modern en eigentijds. Het biedt <strong>een<a href=\"https:\/\/mom-design.com\/nl\/product\/plinthes-2\/\"> vloeiende overgang tussen de vloer en de muur<\/a><\/strong>het verbergen van de effectiviteit van de kabels en onvolkomenheden.<\/p>\n<h4>\u00a0 \u00a0 \u00a0 \u00a0 \u00a0 \u00a0 \u00a0 \u00a0 \u00a0 \u00a0<span style=\"text-decoration: underline;\">Gemakkelijke installatie en aanpassing<\/span><\/h4>\n<p><strong>In MAMA DESIGN<\/strong>we begrijpen het belang van een eenvoudige installatie. Het is gemakkelijk te installeren de basis en PVC. Het meer,<strong> het oppervlak kan worden geschilderd<\/strong>, zodat u kunt aanpassen van uw plinten, afhankelijk van de kleur van uw keuze. De voorkeur ton van neutrale en vet, de flexibiliteit van de plint is ook voor u klaar.<\/p>\n<h4>\u00a0 \u00a0 \u00a0 \u00a0 \u00a0 \u00a0 \u00a0 \u00a0 \u00a0 \u00a0<span style=\"text-decoration: underline;\">Duurzaamheid en minimale input<\/span><\/h4>\n<p>Duurzaamheid is een kenmerk van onze muurschildering op de basis. Bestand tegen vocht en schokken, het garandeert een lange levensduur zonder onderhoud frequentie. In tegenstelling tot de plinten van hout, die PVC is niet bang van vocht, waardoor ze perfect zijn voor elke kamer, inclusief badkamer en keuken.<\/p>\n<h4>\u00a0 \u00a0 \u00a0 \u00a0 \u00a0 \u00a0 \u00a0 \u00a0 \u00a0 \u00a0<span style=\"text-decoration: underline;\">Waarom kiezen voor MAMA DESIGN ?<\/span><\/h4>\n<p><strong>In MAMA DESIGN<\/strong>nu zijn we toegewijd aan het leveren van producten van de hoogste kwaliteit en met de eerste wedstrijd. Onze plint wand is alleen een kwestie van oefenen, maar ook van de economie.<br \/>\nExclusief verkrijgbaar op onze site, alles is inbegrepen in onze speciale aanbieding <strong>met de levering en gratis retourzending<\/strong>. Dit is slechts een kwestie van tijd wanneer het zal worden gebruikt voor het maken van een perfecte afwerking en elegant.<\/p>\n<p><strong>Een oplossing die is ontworpen voor het moderne interieur past en een uitstekende waarde. Het transformeren van de beschikbare ruimte met de perfecte afwerking en het vertrouwen van de MOEDER ONTWERP voor feedback<a href=\"https:\/\/mom-design.com\/nl\/product\/plinthes-6\/\"> alle van uw versieren moet<\/a><\/strong>.<\/p>","protected":false},"excerpt":{"rendered":"<p><strong>Deze plint wand-en PVC wit van 2 meter<\/strong> de long-en 8 cm het hauthor. <a href=\"https:\/\/mom-design.com\/nl\/product\/plinthes-4\/\"><strong>Makkelijk te schilderen<\/strong><\/a>, het<strong> aangepaste afwerking van uw muren<\/strong>. Ideaal voor een renovatie modern is om te zorgen voor een snelle aanleg en het duurzame. <strong>Verkrijgbaar met MAM DESIGN voor een kleine toevoeging<\/strong>.<\/p>","protected":false},"featured_media":7251,"comment_status":"open","ping_status":"closed","template":"","meta":{"_acf_changed":false},"product_brand":[],"product_cat":[53],"product_tag":[],"class_list":{"0":"post-6709","1":"product","2":"type-product","3":"status-publish","4":"has-post-thumbnail","6":"product_cat-plinthes","7":"product_shipping_class-livraison-gls","9":"first","10":"instock","11":"taxable","12":"shipping-taxable","13":"purchasable","14":"product-type-simple","15":"add-to-wishlist-after_add_to_cart"},"acf":[],"yoast_head":"<!-- This site is optimized with the Yoast SEO plugin v27.0 - https:\/\/yoast.com\/product\/yoast-seo-wordpress\/ -->\n<title>Plinthe murale en pvc blanche 2 m\u00e8tres Charles II | MOM DESIGN<\/title>\n<meta name=\"description\" content=\"D\u00e9couvrez notre plinthe murale en PVC blanche de 2 m, id\u00e9ale pour une finition \u00e9l\u00e9gante. Facile \u00e0 installer et personnalisable. Profitez de notre offre avec livraison et retours gratuits. Disponible \u00e0 petit prix et uniquement sur notre site MOM DESIGN, ne manquez pas l&#039;occasion de rendre votre int\u00e9rieur parfait.\" \/>\n<meta name=\"robots\" content=\"index, follow, max-snippet:-1, max-image-preview:large, max-video-preview:-1\" \/>\n<link rel=\"canonical\" href=\"https:\/\/mom-design.com\/nl\/produit\/plinthes-7\/\" \/>\n<meta property=\"og:locale\" content=\"nl_NL\" \/>\n<meta property=\"og:type\" content=\"article\" \/>\n<meta property=\"og:title\" content=\"Plinthe murale en pvc blanche 2 m\u00e8tres Charles II | MOM DESIGN\" \/>\n<meta property=\"og:description\" content=\"D\u00e9couvrez notre plinthe murale en PVC blanche de 2 m, id\u00e9ale pour une finition \u00e9l\u00e9gante. Facile \u00e0 installer et personnalisable. Profitez de notre offre avec livraison et retours gratuits. Disponible \u00e0 petit prix et uniquement sur notre site MOM DESIGN, ne manquez pas l&#039;occasion de rendre votre int\u00e9rieur parfait.\" \/>\n<meta property=\"og:url\" content=\"https:\/\/mom-design.com\/nl\/produit\/plinthes-7\/\" \/>\n<meta property=\"og:site_name\" content=\"MOM DESIGN\" \/>\n<meta property=\"article:modified_time\" content=\"2025-10-25T18:51:55+00:00\" \/>\n<meta property=\"og:image\" content=\"https:\/\/mom-design.com\/wp-content\/uploads\/2024\/07\/plinthe-led-pvc-mom-design.jpeg\" \/>\n\t<meta property=\"og:image:width\" content=\"718\" \/>\n\t<meta property=\"og:image:height\" content=\"538\" \/>\n\t<meta property=\"og:image:type\" content=\"image\/jpeg\" \/>\n<meta name=\"twitter:card\" content=\"summary_large_image\" \/>\n<meta name=\"twitter:label1\" content=\"Geschatte leestijd\" \/>\n\t<meta name=\"twitter:data1\" content=\"2 minuten\" \/>\n<script type=\"application\/ld+json\" class=\"yoast-schema-graph\">{\"@context\":\"https:\/\/schema.org\",\"@graph\":[{\"@type\":\"WebPage\",\"@id\":\"https:\/\/mom-design.com\/nl\/produit\/plinthes-7\/\",\"url\":\"https:\/\/mom-design.com\/nl\/produit\/plinthes-7\/\",\"name\":\"Plinthe murale en pvc blanche 2 m\u00e8tres Charles II | MOM DESIGN\",\"isPartOf\":{\"@id\":\"https:\/\/mom-design.com\/nl\/#website\"},\"primaryImageOfPage\":{\"@id\":\"https:\/\/mom-design.com\/nl\/produit\/plinthes-7\/#primaryimage\"},\"image\":{\"@id\":\"https:\/\/mom-design.com\/nl\/produit\/plinthes-7\/#primaryimage\"},\"thumbnailUrl\":\"https:\/\/mom-design.com\/wp-content\/uploads\/2024\/07\/plinthe-led-pvc-mom-design.jpeg\",\"datePublished\":\"2024-07-23T19:21:26+00:00\",\"dateModified\":\"2025-10-25T18:51:55+00:00\",\"description\":\"D\u00e9couvrez notre plinthe murale en PVC blanche de 2 m, id\u00e9ale pour une finition \u00e9l\u00e9gante. Facile \u00e0 installer et personnalisable. Profitez de notre offre avec livraison et retours gratuits. Disponible \u00e0 petit prix et uniquement sur notre site MOM DESIGN, ne manquez pas l'occasion de rendre votre int\u00e9rieur parfait.\",\"breadcrumb\":{\"@id\":\"https:\/\/mom-design.com\/nl\/produit\/plinthes-7\/#breadcrumb\"},\"inLanguage\":\"nl-NL\",\"potentialAction\":[{\"@type\":\"ReadAction\",\"target\":[\"https:\/\/mom-design.com\/nl\/produit\/plinthes-7\/\"]}]},{\"@type\":\"ImageObject\",\"inLanguage\":\"nl-NL\",\"@id\":\"https:\/\/mom-design.com\/nl\/produit\/plinthes-7\/#primaryimage\",\"url\":\"https:\/\/mom-design.com\/wp-content\/uploads\/2024\/07\/plinthe-led-pvc-mom-design.jpeg\",\"contentUrl\":\"https:\/\/mom-design.com\/wp-content\/uploads\/2024\/07\/plinthe-led-pvc-mom-design.jpeg\",\"width\":718,\"height\":538,\"caption\":\"plinthe led pvc mom design blanche\"},{\"@type\":\"BreadcrumbList\",\"@id\":\"https:\/\/mom-design.com\/nl\/produit\/plinthes-7\/#breadcrumb\",\"itemListElement\":[{\"@type\":\"ListItem\",\"position\":1,\"name\":\"D\u00e9coration murale d\u2019int\u00e9rieur\",\"item\":\"https:\/\/mom-design.com\/de\/\"},{\"@type\":\"ListItem\",\"position\":2,\"name\":\"Plinthe murale en pvc blanche 2 m\u00e8tres Charles II\"}]},{\"@type\":\"WebSite\",\"@id\":\"https:\/\/mom-design.com\/nl\/#website\",\"url\":\"https:\/\/mom-design.com\/nl\/\",\"name\":\"MOM DESIGN\",\"description\":\"Sp\u00e9cialiste du design mural d&#039;int\u00e9rieur\",\"potentialAction\":[{\"@type\":\"SearchAction\",\"target\":{\"@type\":\"EntryPoint\",\"urlTemplate\":\"https:\/\/mom-design.com\/nl\/?s={search_term_string}\"},\"query-input\":{\"@type\":\"PropertyValueSpecification\",\"valueRequired\":true,\"valueName\":\"search_term_string\"}}],\"inLanguage\":\"nl-NL\"}]}<\/script>\n<!-- \/ Yoast SEO plugin. -->","yoast_head_json":{"title":"Plinthe murale en pvc blanche 2 m\u00e8tres Charles II | MOM DESIGN","description":"D\u00e9couvrez notre plinthe murale en PVC blanche de 2 m, id\u00e9ale pour une finition \u00e9l\u00e9gante. Facile \u00e0 installer et personnalisable. Profitez de notre offre avec livraison et retours gratuits. Disponible \u00e0 petit prix et uniquement sur notre site MOM DESIGN, ne manquez pas l'occasion de rendre votre int\u00e9rieur parfait.","robots":{"index":"index","follow":"follow","max-snippet":"max-snippet:-1","max-image-preview":"max-image-preview:large","max-video-preview":"max-video-preview:-1"},"canonical":"https:\/\/mom-design.com\/nl\/produit\/plinthes-7\/","og_locale":"nl_NL","og_type":"article","og_title":"Plinthe murale en pvc blanche 2 m\u00e8tres Charles II | MOM DESIGN","og_description":"D\u00e9couvrez notre plinthe murale en PVC blanche de 2 m, id\u00e9ale pour une finition \u00e9l\u00e9gante. Facile \u00e0 installer et personnalisable. Profitez de notre offre avec livraison et retours gratuits. Disponible \u00e0 petit prix et uniquement sur notre site MOM DESIGN, ne manquez pas l'occasion de rendre votre int\u00e9rieur parfait.","og_url":"https:\/\/mom-design.com\/nl\/produit\/plinthes-7\/","og_site_name":"MOM DESIGN","article_modified_time":"2025-10-25T18:51:55+00:00","og_image":[{"width":718,"height":538,"url":"https:\/\/mom-design.com\/wp-content\/uploads\/2024\/07\/plinthe-led-pvc-mom-design.jpeg","type":"image\/jpeg"}],"twitter_card":"summary_large_image","twitter_misc":{"Geschatte leestijd":"2 minuten"},"schema":{"@context":"https:\/\/schema.org","@graph":[{"@type":"WebPage","@id":"https:\/\/mom-design.com\/nl\/produit\/plinthes-7\/","url":"https:\/\/mom-design.com\/nl\/produit\/plinthes-7\/","name":"Plinthe murale en pvc blanche 2 m\u00e8tres Charles II | MOM DESIGN","isPartOf":{"@id":"https:\/\/mom-design.com\/nl\/#website"},"primaryImageOfPage":{"@id":"https:\/\/mom-design.com\/nl\/produit\/plinthes-7\/#primaryimage"},"image":{"@id":"https:\/\/mom-design.com\/nl\/produit\/plinthes-7\/#primaryimage"},"thumbnailUrl":"https:\/\/mom-design.com\/wp-content\/uploads\/2024\/07\/plinthe-led-pvc-mom-design.jpeg","datePublished":"2024-07-23T19:21:26+00:00","dateModified":"2025-10-25T18:51:55+00:00","description":"D\u00e9couvrez notre plinthe murale en PVC blanche de 2 m, id\u00e9ale pour une finition \u00e9l\u00e9gante. Facile \u00e0 installer et personnalisable. Profitez de notre offre avec livraison et retours gratuits. Disponible \u00e0 petit prix et uniquement sur notre site MOM DESIGN, ne manquez pas l'occasion de rendre votre int\u00e9rieur parfait.","breadcrumb":{"@id":"https:\/\/mom-design.com\/nl\/produit\/plinthes-7\/#breadcrumb"},"inLanguage":"nl-NL","potentialAction":[{"@type":"ReadAction","target":["https:\/\/mom-design.com\/nl\/produit\/plinthes-7\/"]}]},{"@type":"ImageObject","inLanguage":"nl-NL","@id":"https:\/\/mom-design.com\/nl\/produit\/plinthes-7\/#primaryimage","url":"https:\/\/mom-design.com\/wp-content\/uploads\/2024\/07\/plinthe-led-pvc-mom-design.jpeg","contentUrl":"https:\/\/mom-design.com\/wp-content\/uploads\/2024\/07\/plinthe-led-pvc-mom-design.jpeg","width":718,"height":538,"caption":"plinthe led pvc mom design blanche"},{"@type":"BreadcrumbList","@id":"https:\/\/mom-design.com\/nl\/produit\/plinthes-7\/#breadcrumb","itemListElement":[{"@type":"ListItem","position":1,"name":"D\u00e9coration murale d\u2019int\u00e9rieur","item":"https:\/\/mom-design.com\/de\/"},{"@type":"ListItem","position":2,"name":"Plinthe murale en pvc blanche 2 m\u00e8tres Charles II"}]},{"@type":"WebSite","@id":"https:\/\/mom-design.com\/nl\/#website","url":"https:\/\/mom-design.com\/nl\/","name":"MAMA DESIGN","description":"Sp\u00e9cialiste du design mural d'int\u00e9rieur","potentialAction":[{"@type":"SearchAction","target":{"@type":"EntryPoint","urlTemplate":"https:\/\/mom-design.com\/nl\/?s={search_term_string}"},"query-input":{"@type":"PropertyValueSpecification","valueRequired":true,"valueName":"search_term_string"}}],"inLanguage":"nl-NL"}]}},"_links":{"self":[{"href":"https:\/\/mom-design.com\/nl\/wp-json\/wp\/v2\/product\/6709","targetHints":{"allow":["GET"]}}],"collection":[{"href":"https:\/\/mom-design.com\/nl\/wp-json\/wp\/v2\/product"}],"about":[{"href":"https:\/\/mom-design.com\/nl\/wp-json\/wp\/v2\/types\/product"}],"replies":[{"embeddable":true,"href":"https:\/\/mom-design.com\/nl\/wp-json\/wp\/v2\/comments?post=6709"}],"wp:featuredmedia":[{"embeddable":true,"href":"https:\/\/mom-design.com\/nl\/wp-json\/wp\/v2\/media\/7251"}],"wp:attachment":[{"href":"https:\/\/mom-design.com\/nl\/wp-json\/wp\/v2\/media?parent=6709"}],"wp:term":[{"taxonomy":"product_brand","embeddable":true,"href":"https:\/\/mom-design.com\/nl\/wp-json\/wp\/v2\/product_brand?post=6709"},{"taxonomy":"product_cat","embeddable":true,"href":"https:\/\/mom-design.com\/nl\/wp-json\/wp\/v2\/product_cat?post=6709"},{"taxonomy":"product_tag","embeddable":true,"href":"https:\/\/mom-design.com\/nl\/wp-json\/wp\/v2\/product_tag?post=6709"}],"curies":[{"name":"wp","href":"https:\/\/api.w.org\/{rel}","templated":true}]}}