{"id":6710,"date":"2024-07-23T21:21:47","date_gmt":"2024-07-23T19:21:47","guid":{"rendered":"https:\/\/mom-design.com\/?post_type=product&#038;p=6710"},"modified":"2025-10-25T20:28:52","modified_gmt":"2025-10-25T18:28:52","slug":"plinthe-murale-en-pvc-blanche-2-m-7","status":"publish","type":"product","link":"https:\/\/mom-design.com\/nl\/produit\/plinthes-8\/","title":{"rendered":"Plinthe murale en pvc blanche 2 m\u00e8tres Charles I"},"content":{"rendered":"<h4>\u00a0 \u00a0 \u00a0 \u00a0 \u00a0 \u00a0 \u00a0 \u00a0 <span style=\"text-decoration: underline;\">Kenmerken :<\/span><\/h4>\n<p>&#8211; <span style=\"text-decoration: underline;\">Kleur<\/span> : wit<br \/>\n&#8211; <span style=\"text-decoration: underline;\">Hoogte<\/span> : 9 cm<br \/>\n&#8211; <span style=\"text-decoration: underline;\">Lengte<\/span> : 2 meter<br \/>\n&#8211; <span style=\"text-decoration: underline;\">Materiaal<\/span> : PVC<br \/>\n&#8211; <span style=\"text-decoration: underline;\">Aanpasbaar<\/span> : kan worden geschilderd<br \/>\n&#8211; <span style=\"text-decoration: underline;\">Installatie<\/span> :snel en gemakkelijk<\/p>\n<h4>\u00a0 \u00a0 \u00a0 \u00a0 \u00a0 \u00a0 \u00a0 \u00a0 <span style=\"text-decoration: underline;\">Voeg een Perfecte Afwerking met de Plint Muurschildering PVC Wit<\/span><\/h4>\n<p>Te geven het interieur van uw huis <a href=\"https:\/\/mom-design.com\/nl\/product\/plinthes-12\/\"><strong>een vleugje van perfectie<\/strong><\/a>kiezen voor onze plint muurschildering PVC wit 2 meter. In deze plint combineert de <strong>het gemak van de installatie<\/strong> en <strong>de moderne esthetische<\/strong>het garanderen van een schone afwerking van de onderdelen. Dankzij zijn hoogte van 8 cm, op een discrete elegantie, terwijl de bescherming van uw muren tegen schokken en vuil. Dit veelzijdige product past <strong>alle soorten van de inrichting<\/strong>van de meest klassieke tot de meest moderne.<\/p>\n<h4>\u00a0 \u00a0 \u00a0 \u00a0 \u00a0 \u00a0 \u00a0 \u00a0<span style=\"text-decoration: underline;\">Een Duurzame Oplossing-en Klantgericht<\/span><\/h4>\n<p><strong>Gemaakt van PVC, dit plint <a href=\"https:\/\/mom-design.com\/nl\/product\/cimaises-2\/\">muur<\/a> onderscheidt zich door zijn sterkte en duurzaamheid.<\/strong> Niet alleen is het bestand tegen krassen en stoten, maar het is ook <a href=\"https:\/\/mom-design.com\/nl\/product\/revetement-mural-12\/\"><strong>eenvoudig te reinigen<\/strong><\/a>dat maakt het een ideale keuze voor de actieve foci. Daarnaast <strong>kan worden geschilderd volgens uw voorkeuren,<\/strong> dat biedt u de mogelijkheid voor het aanpassen van het interieur van uw huis naar uw smaak. Zo kunt u gemakkelijk in harmonie zijn met de kleuren van je muren of je meubels, het cre\u00ebren van een ruimte die consistent en plezierig.<\/p>\n<h4>\u00a0 \u00a0 \u00a0 \u00a0 \u00a0 \u00a0 \u00a0 \u00a0<span style=\"text-decoration: underline;\">Eenvoudig te installeren voor een Professioneel Resultaat<\/span><\/h4>\n<p>De installatie van de muur is <strong>de omvang van<\/strong>. Je hoeft alleen maar aan te zetten en in een mum van tijd, uw muren zal hebben een gladde afwerking, en uw onderdelen zal worden getransformeerd.<br \/>\nMet een minimum aan inspanning, en je krijgt een professioneel resultaat dat zal indruk maken op uw gasten.<\/p>\n<h4>\u00a0 \u00a0 \u00a0 \u00a0 \u00a0 \u00a0 \u00a0 \u00a0<span style=\"text-decoration: underline;\">Waarom Kiezen voor MOEDER ONTWERP voor uw Plinten ?<\/span><\/h4>\n<p><strong>In MAMA DESIGN<\/strong>we zijn toegewijd aan het leveren van producten van hoge kwaliteit die voldoen aan uw behoeften en uw verwachtingen overtreffen. Onze plinten muurschildering PVC zijn geen uitzondering. <strong>Door het selecteren van onze winkel, u krijgt niet alleen een product van stijlvolle en duurzame, maar ook de klantenservice is voorbeeldig, met levering en gratis retourzending.<\/strong> We begrijpen het belang van elk detail in het cre\u00ebren van een harmonieuze interieur, dat is waarom wij bieden een reeks van zorgvuldig geselecteerde producten voor een aanvulling op uw interieur.<\/p>","protected":false},"excerpt":{"rendered":"<p><strong>Dit <a href=\"https:\/\/mom-design.com\/nl\/product\/plinthes-6\/\">plint muurschildering PVC wit<\/a><\/strong>e 2 meter in lengte en 8 cm in de hoogte is de perfecte oplossing voor een elegante afwerking van uw interieur. Ontworpen uit duurzame PVC -, het kan worden geschilderd past bij uw inrichting, en biedt een snelle en eenvoudige installatie voor een resultaat dat is netjes en modern.<\/p>","protected":false},"featured_media":7290,"comment_status":"open","ping_status":"closed","template":"","meta":{"_acf_changed":false},"product_brand":[],"product_cat":[53],"product_tag":[],"class_list":{"0":"post-6710","1":"product","2":"type-product","3":"status-publish","4":"has-post-thumbnail","6":"product_cat-plinthes","7":"product_shipping_class-livraison-gls","9":"first","10":"instock","11":"taxable","12":"shipping-taxable","13":"purchasable","14":"product-type-simple","15":"add-to-wishlist-after_add_to_cart"},"acf":[],"yoast_head":"<!-- This site is optimized with the Yoast SEO plugin v27.0 - https:\/\/yoast.com\/product\/yoast-seo-wordpress\/ -->\n<title>Plinthe murale en pvc blanche 2 m\u00e8tres Charles I | MOM DESIGN<\/title>\n<meta name=\"description\" content=\"D\u00e9couvrez la plinthe murale en PVC blanche de 2 m, parfaite pour une finition moderne et \u00e9l\u00e9gante. Facile \u00e0 installer et personnalisable, avec livraison et retours gratuits. Disponible \u00e0 petit prix chez MOM DESIGN.\" \/>\n<meta name=\"robots\" content=\"index, follow, max-snippet:-1, max-image-preview:large, max-video-preview:-1\" \/>\n<link rel=\"canonical\" href=\"https:\/\/mom-design.com\/nl\/produit\/plinthes-8\/\" \/>\n<meta property=\"og:locale\" content=\"nl_NL\" \/>\n<meta property=\"og:type\" content=\"article\" \/>\n<meta property=\"og:title\" content=\"Plinthe murale en pvc blanche 2 m\u00e8tres Charles I | MOM DESIGN\" \/>\n<meta property=\"og:description\" content=\"D\u00e9couvrez la plinthe murale en PVC blanche de 2 m, parfaite pour une finition moderne et \u00e9l\u00e9gante. Facile \u00e0 installer et personnalisable, avec livraison et retours gratuits. Disponible \u00e0 petit prix chez MOM DESIGN.\" \/>\n<meta property=\"og:url\" content=\"https:\/\/mom-design.com\/nl\/produit\/plinthes-8\/\" \/>\n<meta property=\"og:site_name\" content=\"MOM DESIGN\" \/>\n<meta property=\"article:modified_time\" content=\"2025-10-25T18:28:52+00:00\" \/>\n<meta property=\"og:image\" content=\"https:\/\/mom-design.com\/wp-content\/uploads\/2024\/07\/plinthe-pvc-mom-design-M3.jpeg\" \/>\n\t<meta property=\"og:image:width\" content=\"718\" \/>\n\t<meta property=\"og:image:height\" content=\"538\" \/>\n\t<meta property=\"og:image:type\" content=\"image\/jpeg\" \/>\n<meta name=\"twitter:card\" content=\"summary_large_image\" \/>\n<meta name=\"twitter:label1\" content=\"Geschatte leestijd\" \/>\n\t<meta name=\"twitter:data1\" content=\"2 minuten\" \/>\n<script type=\"application\/ld+json\" class=\"yoast-schema-graph\">{\"@context\":\"https:\/\/schema.org\",\"@graph\":[{\"@type\":\"WebPage\",\"@id\":\"https:\/\/mom-design.com\/nl\/produit\/plinthes-8\/\",\"url\":\"https:\/\/mom-design.com\/nl\/produit\/plinthes-8\/\",\"name\":\"Plinthe murale en pvc blanche 2 m\u00e8tres Charles I | MOM DESIGN\",\"isPartOf\":{\"@id\":\"https:\/\/mom-design.com\/nl\/#website\"},\"primaryImageOfPage\":{\"@id\":\"https:\/\/mom-design.com\/nl\/produit\/plinthes-8\/#primaryimage\"},\"image\":{\"@id\":\"https:\/\/mom-design.com\/nl\/produit\/plinthes-8\/#primaryimage\"},\"thumbnailUrl\":\"https:\/\/mom-design.com\/wp-content\/uploads\/2024\/07\/plinthe-pvc-mom-design-M3.jpeg\",\"datePublished\":\"2024-07-23T19:21:47+00:00\",\"dateModified\":\"2025-10-25T18:28:52+00:00\",\"description\":\"D\u00e9couvrez la plinthe murale en PVC blanche de 2 m, parfaite pour une finition moderne et \u00e9l\u00e9gante. Facile \u00e0 installer et personnalisable, avec livraison et retours gratuits. Disponible \u00e0 petit prix chez MOM DESIGN.\",\"breadcrumb\":{\"@id\":\"https:\/\/mom-design.com\/nl\/produit\/plinthes-8\/#breadcrumb\"},\"inLanguage\":\"nl-NL\",\"potentialAction\":[{\"@type\":\"ReadAction\",\"target\":[\"https:\/\/mom-design.com\/nl\/produit\/plinthes-8\/\"]}]},{\"@type\":\"ImageObject\",\"inLanguage\":\"nl-NL\",\"@id\":\"https:\/\/mom-design.com\/nl\/produit\/plinthes-8\/#primaryimage\",\"url\":\"https:\/\/mom-design.com\/wp-content\/uploads\/2024\/07\/plinthe-pvc-mom-design-M3.jpeg\",\"contentUrl\":\"https:\/\/mom-design.com\/wp-content\/uploads\/2024\/07\/plinthe-pvc-mom-design-M3.jpeg\",\"width\":718,\"height\":538},{\"@type\":\"BreadcrumbList\",\"@id\":\"https:\/\/mom-design.com\/nl\/produit\/plinthes-8\/#breadcrumb\",\"itemListElement\":[{\"@type\":\"ListItem\",\"position\":1,\"name\":\"D\u00e9coration murale d\u2019int\u00e9rieur\",\"item\":\"https:\/\/mom-design.com\/de\/\"},{\"@type\":\"ListItem\",\"position\":2,\"name\":\"Plinthe murale en pvc blanche 2 m\u00e8tres Charles I\"}]},{\"@type\":\"WebSite\",\"@id\":\"https:\/\/mom-design.com\/nl\/#website\",\"url\":\"https:\/\/mom-design.com\/nl\/\",\"name\":\"MOM DESIGN\",\"description\":\"Sp\u00e9cialiste du design mural d&#039;int\u00e9rieur\",\"potentialAction\":[{\"@type\":\"SearchAction\",\"target\":{\"@type\":\"EntryPoint\",\"urlTemplate\":\"https:\/\/mom-design.com\/nl\/?s={search_term_string}\"},\"query-input\":{\"@type\":\"PropertyValueSpecification\",\"valueRequired\":true,\"valueName\":\"search_term_string\"}}],\"inLanguage\":\"nl-NL\"}]}<\/script>\n<!-- \/ Yoast SEO plugin. -->","yoast_head_json":{"title":"Plinthe murale en pvc blanche 2 m\u00e8tres Charles I | MOM DESIGN","description":"D\u00e9couvrez la plinthe murale en PVC blanche de 2 m, parfaite pour une finition moderne et \u00e9l\u00e9gante. Facile \u00e0 installer et personnalisable, avec livraison et retours gratuits. Disponible \u00e0 petit prix chez MOM DESIGN.","robots":{"index":"index","follow":"follow","max-snippet":"max-snippet:-1","max-image-preview":"max-image-preview:large","max-video-preview":"max-video-preview:-1"},"canonical":"https:\/\/mom-design.com\/nl\/produit\/plinthes-8\/","og_locale":"nl_NL","og_type":"article","og_title":"Plinthe murale en pvc blanche 2 m\u00e8tres Charles I | MOM DESIGN","og_description":"D\u00e9couvrez la plinthe murale en PVC blanche de 2 m, parfaite pour une finition moderne et \u00e9l\u00e9gante. Facile \u00e0 installer et personnalisable, avec livraison et retours gratuits. Disponible \u00e0 petit prix chez MOM DESIGN.","og_url":"https:\/\/mom-design.com\/nl\/produit\/plinthes-8\/","og_site_name":"MOM DESIGN","article_modified_time":"2025-10-25T18:28:52+00:00","og_image":[{"width":718,"height":538,"url":"https:\/\/mom-design.com\/wp-content\/uploads\/2024\/07\/plinthe-pvc-mom-design-M3.jpeg","type":"image\/jpeg"}],"twitter_card":"summary_large_image","twitter_misc":{"Geschatte leestijd":"2 minuten"},"schema":{"@context":"https:\/\/schema.org","@graph":[{"@type":"WebPage","@id":"https:\/\/mom-design.com\/nl\/produit\/plinthes-8\/","url":"https:\/\/mom-design.com\/nl\/produit\/plinthes-8\/","name":"Plinthe murale en pvc blanche 2 m\u00e8tres Charles I | MOM DESIGN","isPartOf":{"@id":"https:\/\/mom-design.com\/nl\/#website"},"primaryImageOfPage":{"@id":"https:\/\/mom-design.com\/nl\/produit\/plinthes-8\/#primaryimage"},"image":{"@id":"https:\/\/mom-design.com\/nl\/produit\/plinthes-8\/#primaryimage"},"thumbnailUrl":"https:\/\/mom-design.com\/wp-content\/uploads\/2024\/07\/plinthe-pvc-mom-design-M3.jpeg","datePublished":"2024-07-23T19:21:47+00:00","dateModified":"2025-10-25T18:28:52+00:00","description":"D\u00e9couvrez la plinthe murale en PVC blanche de 2 m, parfaite pour une finition moderne et \u00e9l\u00e9gante. Facile \u00e0 installer et personnalisable, avec livraison et retours gratuits. Disponible \u00e0 petit prix chez MOM DESIGN.","breadcrumb":{"@id":"https:\/\/mom-design.com\/nl\/produit\/plinthes-8\/#breadcrumb"},"inLanguage":"nl-NL","potentialAction":[{"@type":"ReadAction","target":["https:\/\/mom-design.com\/nl\/produit\/plinthes-8\/"]}]},{"@type":"ImageObject","inLanguage":"nl-NL","@id":"https:\/\/mom-design.com\/nl\/produit\/plinthes-8\/#primaryimage","url":"https:\/\/mom-design.com\/wp-content\/uploads\/2024\/07\/plinthe-pvc-mom-design-M3.jpeg","contentUrl":"https:\/\/mom-design.com\/wp-content\/uploads\/2024\/07\/plinthe-pvc-mom-design-M3.jpeg","width":718,"height":538},{"@type":"BreadcrumbList","@id":"https:\/\/mom-design.com\/nl\/produit\/plinthes-8\/#breadcrumb","itemListElement":[{"@type":"ListItem","position":1,"name":"D\u00e9coration murale d\u2019int\u00e9rieur","item":"https:\/\/mom-design.com\/de\/"},{"@type":"ListItem","position":2,"name":"Plinthe murale en pvc blanche 2 m\u00e8tres Charles I"}]},{"@type":"WebSite","@id":"https:\/\/mom-design.com\/nl\/#website","url":"https:\/\/mom-design.com\/nl\/","name":"MAMA DESIGN","description":"Sp\u00e9cialiste du design mural d'int\u00e9rieur","potentialAction":[{"@type":"SearchAction","target":{"@type":"EntryPoint","urlTemplate":"https:\/\/mom-design.com\/nl\/?s={search_term_string}"},"query-input":{"@type":"PropertyValueSpecification","valueRequired":true,"valueName":"search_term_string"}}],"inLanguage":"nl-NL"}]}},"_links":{"self":[{"href":"https:\/\/mom-design.com\/nl\/wp-json\/wp\/v2\/product\/6710","targetHints":{"allow":["GET"]}}],"collection":[{"href":"https:\/\/mom-design.com\/nl\/wp-json\/wp\/v2\/product"}],"about":[{"href":"https:\/\/mom-design.com\/nl\/wp-json\/wp\/v2\/types\/product"}],"replies":[{"embeddable":true,"href":"https:\/\/mom-design.com\/nl\/wp-json\/wp\/v2\/comments?post=6710"}],"wp:featuredmedia":[{"embeddable":true,"href":"https:\/\/mom-design.com\/nl\/wp-json\/wp\/v2\/media\/7290"}],"wp:attachment":[{"href":"https:\/\/mom-design.com\/nl\/wp-json\/wp\/v2\/media?parent=6710"}],"wp:term":[{"taxonomy":"product_brand","embeddable":true,"href":"https:\/\/mom-design.com\/nl\/wp-json\/wp\/v2\/product_brand?post=6710"},{"taxonomy":"product_cat","embeddable":true,"href":"https:\/\/mom-design.com\/nl\/wp-json\/wp\/v2\/product_cat?post=6710"},{"taxonomy":"product_tag","embeddable":true,"href":"https:\/\/mom-design.com\/nl\/wp-json\/wp\/v2\/product_tag?post=6710"}],"curies":[{"name":"wp","href":"https:\/\/api.w.org\/{rel}","templated":true}]}}