{"id":7508,"date":"2025-09-08T11:22:44","date_gmt":"2025-09-08T09:22:44","guid":{"rendered":"https:\/\/mom-design.com\/?post_type=product&#038;p=7508"},"modified":"2025-09-08T12:26:44","modified_gmt":"2025-09-08T10:26:44","slug":"panneau-latte-bois-acoustique-couleur-chene-240-cm-x-60-cm","status":"publish","type":"product","link":"https:\/\/mom-design.com\/nl\/produit\/panneau-latte-bois-acoustique-couleur-chene-240-cm-x-60-cm\/","title":{"rendered":"Panneau bois acoustique &#8211; Couleur ch\u00eane &#8211; 240 cm x 60 cm"},"content":{"rendered":"<h4>\u00a0 \u00a0 \u00a0 \u00a0 \u00a0 \u00a0 \u00a0 \u00a0 \u00a0 \u00a0 \u00a0 \u00a0 \u00a0 <span style=\"text-decoration: underline;\">Kenmerken :<\/span><\/h4>\n<p>&#8211; <span style=\"text-decoration: underline;\">Materiaal<\/span> : Bois<br \/>\n&#8211; <span style=\"text-decoration: underline;\">Onderhoud<\/span> : snel en eenvoudig, vlekbestendig<br \/>\n&#8211; <span style=\"text-decoration: underline;\">Gebruik<\/span> wand decoratie, werk plannen, meubels<\/p>\n<h4><\/h4>","protected":false},"excerpt":{"rendered":"<p><a href=\"https:\/\/mom-design.com\/nl\/revetement-mural\/\"><strong>De marmeren plaat PVC<\/strong><\/a> allie l&rsquo;\u00e9l\u00e9gance du marbre \u00e0 la praticit\u00e9 du PVC. Facile \u00e0 installer. Id\u00e9ale pour les murs et les surfaces d\u00e9coratives, cette plaque l\u00e9g\u00e8re et r\u00e9sistante est parfaite pour transformer n&rsquo;importe quel espace avec un minimum d&rsquo;effort.<\/p>","protected":false},"featured_media":7510,"comment_status":"open","ping_status":"closed","template":"","meta":{"_acf_changed":false},"product_brand":[],"product_cat":[15],"product_tag":[],"class_list":{"0":"post-7508","1":"product","2":"type-product","3":"status-publish","4":"has-post-thumbnail","6":"product_cat-revetement-mural","7":"product_shipping_class-livraison-gls","9":"first","10":"outofstock","11":"taxable","12":"shipping-taxable","13":"purchasable","14":"product-type-simple","15":"add-to-wishlist-after_add_to_cart"},"acf":[],"yoast_head":"<!-- This site is optimized with the Yoast SEO plugin v27.0 - https:\/\/yoast.com\/product\/yoast-seo-wordpress\/ -->\n<title>Panneau bois acoustique - Couleur ch\u00eane - 240 cm x 60 cm | MOM DESIGN<\/title>\n<meta name=\"description\" content=\"D\u00e9couvrez la plaque marbre en PVC, une solution \u00e9l\u00e9gante et durable pour vos projets de d\u00e9coration. Commandez maintenant avec livraison et retours gratuits et transformez vos espaces \u00e0 petit prix.\" \/>\n<meta name=\"robots\" content=\"index, follow, max-snippet:-1, max-image-preview:large, max-video-preview:-1\" \/>\n<link rel=\"canonical\" href=\"https:\/\/mom-design.com\/nl\/produit\/panneau-latte-bois-acoustique-couleur-chene-240-cm-x-60-cm\/\" \/>\n<meta property=\"og:locale\" content=\"nl_NL\" \/>\n<meta property=\"og:type\" content=\"article\" \/>\n<meta property=\"og:title\" content=\"Panneau bois acoustique - Couleur ch\u00eane - 240 cm x 60 cm | MOM DESIGN\" \/>\n<meta property=\"og:description\" content=\"D\u00e9couvrez la plaque marbre en PVC, une solution \u00e9l\u00e9gante et durable pour vos projets de d\u00e9coration. Commandez maintenant avec livraison et retours gratuits et transformez vos espaces \u00e0 petit prix.\" \/>\n<meta property=\"og:url\" content=\"https:\/\/mom-design.com\/nl\/produit\/panneau-latte-bois-acoustique-couleur-chene-240-cm-x-60-cm\/\" \/>\n<meta property=\"og:site_name\" content=\"MOM DESIGN\" \/>\n<meta property=\"article:modified_time\" content=\"2025-09-08T10:26:44+00:00\" \/>\n<meta property=\"og:image\" content=\"https:\/\/mom-design.com\/wp-content\/uploads\/2025\/09\/panneau-bois-wood-panel-mom-design2.webp.jpeg\" \/>\n\t<meta property=\"og:image:width\" content=\"1000\" \/>\n\t<meta property=\"og:image:height\" content=\"1000\" \/>\n\t<meta property=\"og:image:type\" content=\"image\/jpeg\" \/>\n<meta name=\"twitter:card\" content=\"summary_large_image\" \/>\n<meta name=\"twitter:label1\" content=\"Geschatte leestijd\" \/>\n\t<meta name=\"twitter:data1\" content=\"1 minuut\" \/>\n<script type=\"application\/ld+json\" class=\"yoast-schema-graph\">{\"@context\":\"https:\/\/schema.org\",\"@graph\":[{\"@type\":\"WebPage\",\"@id\":\"https:\/\/mom-design.com\/nl\/produit\/panneau-latte-bois-acoustique-couleur-chene-240-cm-x-60-cm\/\",\"url\":\"https:\/\/mom-design.com\/nl\/produit\/panneau-latte-bois-acoustique-couleur-chene-240-cm-x-60-cm\/\",\"name\":\"Panneau bois acoustique - Couleur ch\u00eane - 240 cm x 60 cm | MOM DESIGN\",\"isPartOf\":{\"@id\":\"https:\/\/mom-design.com\/nl\/#website\"},\"primaryImageOfPage\":{\"@id\":\"https:\/\/mom-design.com\/nl\/produit\/panneau-latte-bois-acoustique-couleur-chene-240-cm-x-60-cm\/#primaryimage\"},\"image\":{\"@id\":\"https:\/\/mom-design.com\/nl\/produit\/panneau-latte-bois-acoustique-couleur-chene-240-cm-x-60-cm\/#primaryimage\"},\"thumbnailUrl\":\"https:\/\/mom-design.com\/wp-content\/uploads\/2025\/09\/panneau-bois-wood-panel-mom-design2.webp.jpeg\",\"datePublished\":\"2025-09-08T09:22:44+00:00\",\"dateModified\":\"2025-09-08T10:26:44+00:00\",\"description\":\"D\u00e9couvrez la plaque marbre en PVC, une solution \u00e9l\u00e9gante et durable pour vos projets de d\u00e9coration. Commandez maintenant avec livraison et retours gratuits et transformez vos espaces \u00e0 petit prix.\",\"breadcrumb\":{\"@id\":\"https:\/\/mom-design.com\/nl\/produit\/panneau-latte-bois-acoustique-couleur-chene-240-cm-x-60-cm\/#breadcrumb\"},\"inLanguage\":\"nl-NL\",\"potentialAction\":[{\"@type\":\"ReadAction\",\"target\":[\"https:\/\/mom-design.com\/nl\/produit\/panneau-latte-bois-acoustique-couleur-chene-240-cm-x-60-cm\/\"]}]},{\"@type\":\"ImageObject\",\"inLanguage\":\"nl-NL\",\"@id\":\"https:\/\/mom-design.com\/nl\/produit\/panneau-latte-bois-acoustique-couleur-chene-240-cm-x-60-cm\/#primaryimage\",\"url\":\"https:\/\/mom-design.com\/wp-content\/uploads\/2025\/09\/panneau-bois-wood-panel-mom-design2.webp.jpeg\",\"contentUrl\":\"https:\/\/mom-design.com\/wp-content\/uploads\/2025\/09\/panneau-bois-wood-panel-mom-design2.webp.jpeg\",\"width\":1000,\"height\":1000},{\"@type\":\"BreadcrumbList\",\"@id\":\"https:\/\/mom-design.com\/nl\/produit\/panneau-latte-bois-acoustique-couleur-chene-240-cm-x-60-cm\/#breadcrumb\",\"itemListElement\":[{\"@type\":\"ListItem\",\"position\":1,\"name\":\"D\u00e9coration murale d\u2019int\u00e9rieur\",\"item\":\"https:\/\/mom-design.com\/de\/\"},{\"@type\":\"ListItem\",\"position\":2,\"name\":\"Panneau bois acoustique &#8211; Couleur ch\u00eane &#8211; 240 cm x 60 cm\"}]},{\"@type\":\"WebSite\",\"@id\":\"https:\/\/mom-design.com\/nl\/#website\",\"url\":\"https:\/\/mom-design.com\/nl\/\",\"name\":\"MOM DESIGN\",\"description\":\"Sp\u00e9cialiste du design mural d&#039;int\u00e9rieur\",\"potentialAction\":[{\"@type\":\"SearchAction\",\"target\":{\"@type\":\"EntryPoint\",\"urlTemplate\":\"https:\/\/mom-design.com\/nl\/?s={search_term_string}\"},\"query-input\":{\"@type\":\"PropertyValueSpecification\",\"valueRequired\":true,\"valueName\":\"search_term_string\"}}],\"inLanguage\":\"nl-NL\"}]}<\/script>\n<!-- \/ Yoast SEO plugin. -->","yoast_head_json":{"title":"Panneau bois acoustique - Couleur ch\u00eane - 240 cm x 60 cm | MOM DESIGN","description":"D\u00e9couvrez la plaque marbre en PVC, une solution \u00e9l\u00e9gante et durable pour vos projets de d\u00e9coration. Commandez maintenant avec livraison et retours gratuits et transformez vos espaces \u00e0 petit prix.","robots":{"index":"index","follow":"follow","max-snippet":"max-snippet:-1","max-image-preview":"max-image-preview:large","max-video-preview":"max-video-preview:-1"},"canonical":"https:\/\/mom-design.com\/nl\/produit\/panneau-latte-bois-acoustique-couleur-chene-240-cm-x-60-cm\/","og_locale":"nl_NL","og_type":"article","og_title":"Panneau bois acoustique - Couleur ch\u00eane - 240 cm x 60 cm | MOM DESIGN","og_description":"D\u00e9couvrez la plaque marbre en PVC, une solution \u00e9l\u00e9gante et durable pour vos projets de d\u00e9coration. Commandez maintenant avec livraison et retours gratuits et transformez vos espaces \u00e0 petit prix.","og_url":"https:\/\/mom-design.com\/nl\/produit\/panneau-latte-bois-acoustique-couleur-chene-240-cm-x-60-cm\/","og_site_name":"MOM DESIGN","article_modified_time":"2025-09-08T10:26:44+00:00","og_image":[{"width":1000,"height":1000,"url":"https:\/\/mom-design.com\/wp-content\/uploads\/2025\/09\/panneau-bois-wood-panel-mom-design2.webp.jpeg","type":"image\/jpeg"}],"twitter_card":"summary_large_image","twitter_misc":{"Geschatte leestijd":"1 minuut"},"schema":{"@context":"https:\/\/schema.org","@graph":[{"@type":"WebPage","@id":"https:\/\/mom-design.com\/nl\/produit\/panneau-latte-bois-acoustique-couleur-chene-240-cm-x-60-cm\/","url":"https:\/\/mom-design.com\/nl\/produit\/panneau-latte-bois-acoustique-couleur-chene-240-cm-x-60-cm\/","name":"Panneau bois acoustique - Couleur ch\u00eane - 240 cm x 60 cm | MOM DESIGN","isPartOf":{"@id":"https:\/\/mom-design.com\/nl\/#website"},"primaryImageOfPage":{"@id":"https:\/\/mom-design.com\/nl\/produit\/panneau-latte-bois-acoustique-couleur-chene-240-cm-x-60-cm\/#primaryimage"},"image":{"@id":"https:\/\/mom-design.com\/nl\/produit\/panneau-latte-bois-acoustique-couleur-chene-240-cm-x-60-cm\/#primaryimage"},"thumbnailUrl":"https:\/\/mom-design.com\/wp-content\/uploads\/2025\/09\/panneau-bois-wood-panel-mom-design2.webp.jpeg","datePublished":"2025-09-08T09:22:44+00:00","dateModified":"2025-09-08T10:26:44+00:00","description":"D\u00e9couvrez la plaque marbre en PVC, une solution \u00e9l\u00e9gante et durable pour vos projets de d\u00e9coration. Commandez maintenant avec livraison et retours gratuits et transformez vos espaces \u00e0 petit prix.","breadcrumb":{"@id":"https:\/\/mom-design.com\/nl\/produit\/panneau-latte-bois-acoustique-couleur-chene-240-cm-x-60-cm\/#breadcrumb"},"inLanguage":"nl-NL","potentialAction":[{"@type":"ReadAction","target":["https:\/\/mom-design.com\/nl\/produit\/panneau-latte-bois-acoustique-couleur-chene-240-cm-x-60-cm\/"]}]},{"@type":"ImageObject","inLanguage":"nl-NL","@id":"https:\/\/mom-design.com\/nl\/produit\/panneau-latte-bois-acoustique-couleur-chene-240-cm-x-60-cm\/#primaryimage","url":"https:\/\/mom-design.com\/wp-content\/uploads\/2025\/09\/panneau-bois-wood-panel-mom-design2.webp.jpeg","contentUrl":"https:\/\/mom-design.com\/wp-content\/uploads\/2025\/09\/panneau-bois-wood-panel-mom-design2.webp.jpeg","width":1000,"height":1000},{"@type":"BreadcrumbList","@id":"https:\/\/mom-design.com\/nl\/produit\/panneau-latte-bois-acoustique-couleur-chene-240-cm-x-60-cm\/#breadcrumb","itemListElement":[{"@type":"ListItem","position":1,"name":"D\u00e9coration murale d\u2019int\u00e9rieur","item":"https:\/\/mom-design.com\/de\/"},{"@type":"ListItem","position":2,"name":"Panneau bois acoustique &#8211; Couleur ch\u00eane &#8211; 240 cm x 60 cm"}]},{"@type":"WebSite","@id":"https:\/\/mom-design.com\/nl\/#website","url":"https:\/\/mom-design.com\/nl\/","name":"MAMA DESIGN","description":"Sp\u00e9cialiste du design mural d'int\u00e9rieur","potentialAction":[{"@type":"SearchAction","target":{"@type":"EntryPoint","urlTemplate":"https:\/\/mom-design.com\/nl\/?s={search_term_string}"},"query-input":{"@type":"PropertyValueSpecification","valueRequired":true,"valueName":"search_term_string"}}],"inLanguage":"nl-NL"}]}},"_links":{"self":[{"href":"https:\/\/mom-design.com\/nl\/wp-json\/wp\/v2\/product\/7508","targetHints":{"allow":["GET"]}}],"collection":[{"href":"https:\/\/mom-design.com\/nl\/wp-json\/wp\/v2\/product"}],"about":[{"href":"https:\/\/mom-design.com\/nl\/wp-json\/wp\/v2\/types\/product"}],"replies":[{"embeddable":true,"href":"https:\/\/mom-design.com\/nl\/wp-json\/wp\/v2\/comments?post=7508"}],"wp:featuredmedia":[{"embeddable":true,"href":"https:\/\/mom-design.com\/nl\/wp-json\/wp\/v2\/media\/7510"}],"wp:attachment":[{"href":"https:\/\/mom-design.com\/nl\/wp-json\/wp\/v2\/media?parent=7508"}],"wp:term":[{"taxonomy":"product_brand","embeddable":true,"href":"https:\/\/mom-design.com\/nl\/wp-json\/wp\/v2\/product_brand?post=7508"},{"taxonomy":"product_cat","embeddable":true,"href":"https:\/\/mom-design.com\/nl\/wp-json\/wp\/v2\/product_cat?post=7508"},{"taxonomy":"product_tag","embeddable":true,"href":"https:\/\/mom-design.com\/nl\/wp-json\/wp\/v2\/product_tag?post=7508"}],"curies":[{"name":"wp","href":"https:\/\/api.w.org\/{rel}","templated":true}]}}